{"id":3325856,"date":"2025-06-19T13:52:33","date_gmt":"2025-06-19T11:52:33","guid":{"rendered":"https:\/\/nordbygg.se\/for-visitors\/latest-news\/nordbygg-remains\/"},"modified":"2026-04-10T15:33:58","modified_gmt":"2026-04-10T13:33:58","slug":"nordbygg-to-remain","status":"publish","type":"page","link":"https:\/\/nordbygg.se\/en\/for-visitors\/latest-news\/nordbygg-to-remain\/","title":{"rendered":"Nordbygg to remain"},"content":{"rendered":"<p>[et_pb_section fb_built=&#8221;1&#8243; _builder_version=&#8221;4.27.4&#8243; _module_preset=&#8221;dcffbe7c-d829-4b92-9e28-730b66b1c6df&#8221; background_color=&#8221;#61A0A8&#8243; use_background_color_gradient=&#8221;on&#8221; background_color_gradient_direction=&#8221;206deg&#8221; background_color_gradient_stops=&#8221;rgba(0,0,0,0) 48%|rgba(0,0,0,0.9) 93%&#8221; background_color_gradient_overlays_image=&#8221;on&#8221; background_image=&#8221;https:\/\/nordbygg.se\/wp-content\/uploads\/2024\/10\/tva-personer-samtalar-1920x1280A.jpg&#8221; background_position=&#8221;top_center&#8221; background_vertical_offset=&#8221;39%&#8221; global_colors_info=&#8221;{}&#8221; custom_days_label_text=&#8221;Days&#8221; custom_hours_label_text=&#8221;Hours&#8221; custom_minutes_label_text=&#8221;Minutes&#8221; custom_seconds_label_text=&#8221;Seconds&#8221;][et_pb_row _builder_version=&#8221;4.27.0&#8243; _module_preset=&#8221;b47dc7b0-0c21-48f4-9be5-365125495c37&#8243; background_position=&#8221;top_center&#8221; background_vertical_offset=&#8221;13%&#8221; border_radii=&#8221;on|20px|20px|20px|20px&#8221; locked=&#8221;off&#8221; global_colors_info=&#8221;{}&#8221; custom_days_label_text=&#8221;Days&#8221; custom_hours_label_text=&#8221;Hours&#8221; custom_minutes_label_text=&#8221;Minutes&#8221; custom_seconds_label_text=&#8221;Seconds&#8221;][et_pb_column type=&#8221;4_4&#8243; _builder_version=&#8221;4.24.0&#8243; _module_preset=&#8221;default&#8221; global_colors_info=&#8221;{}&#8221; custom_days_label_text=&#8221;Days&#8221; custom_hours_label_text=&#8221;Hours&#8221; custom_minutes_label_text=&#8221;Minutes&#8221; custom_seconds_label_text=&#8221;Seconds&#8221;][et_pb_cta title=&#8221;Nordbygg to remain in \u00c4lvsj\u00f6&#8221; _builder_version=&#8221;4.27.4&#8243; _module_preset=&#8221;0d7ddc9b-5fad-41ce-bbc3-1fa8c8b01c36&#8243; header_font_size=&#8221;47px&#8221; custom_margin=&#8221;|-310px||||&#8221; custom_padding=&#8221;|||33px||&#8221; global_colors_info=&#8221;{%22gcid-m0fraqv3-qztm-9290-df11-7p07yu2mtcg6%22:%91%22header_text_color%22,%22button_bg_color%22,%22button_border_color%22,%22button_text_color%22,%22header_text_color%22,%22button_bg_color%22,%22button_border_color%22,%22button_text_color%22,%22header_text_color%22,%22button_bg_color%22,%22button_border_color%22,%22button_text_color%22,%22header_text_color%22,%22button_bg_color%22,%22button_border_color%22,%22button_text_color%22,%22header_text_color%22,%22button_bg_color%22,%22button_text_color%22,%22header_text_color%22,%22button_bg_color%22,%22button_text_color%22,%22header_text_color%22,%22button_bg_color%22,%22button_text_color%22,%22header_text_color%22,%22button_bg_color%22,%22button_text_color%22,%22header_text_color%22,%22button_bg_color%22,%22button_text_color%22,%22header_text_color%22,%22button_bg_color%22,%22button_text_color%22,%22button_bg_color%22,%22button_text_color%22%93,%22gcid-8ctl9olw-qzl0-39sh-h9m4-2r68cuzkve1q%22:%91%22button_bg_color%22,%22button_border_color%22,%22button_bg_color%22,%22button_border_color%22,%22button_bg_color%22,%22button_border_color%22,%22button_bg_color%22,%22button_border_color%22%93,%22gcid-zqmeyyr1-ozjs-tdol-t9th-kdmdqxufunhr%22:%91%22button_border_color%22,%22button_bg_color%22,%22button_border_color%22,%22button_bg_color%22,%22button_border_color%22,%22button_bg_color%22,%22button_border_color%22,%22button_bg_color%22,%22button_bg_color%22%93,%22gcid-xe7ua1bg-8o1q-uq3m-f8ql-qk12tgltkuk4%22:%91%22button_border_color__hover%22,%22button_bg_color__hover%22%93}&#8221; custom_days_label_text=&#8221;Days&#8221; custom_hours_label_text=&#8221;Hours&#8221; custom_minutes_label_text=&#8221;Minutes&#8221; custom_seconds_label_text=&#8221;Seconds&#8221;]<\/p>\n<p>City of Stockholm Retains Ownership of Stockholmsm\u00e4ssan<\/p>\n<p>[\/et_pb_cta][\/et_pb_column][\/et_pb_row][\/et_pb_section][et_pb_section fb_built=&#8221;1&#8243; _builder_version=&#8221;4.27.0&#8243; _module_preset=&#8221;default&#8221; global_colors_info=&#8221;{}&#8221; custom_days_label_text=&#8221;Days&#8221; custom_hours_label_text=&#8221;Hours&#8221; custom_minutes_label_text=&#8221;Minutes&#8221; custom_seconds_label_text=&#8221;Seconds&#8221;][et_pb_row _builder_version=&#8221;4.27.0&#8243; _module_preset=&#8221;default&#8221; custom_days_label_text=&#8221;Days&#8221; custom_hours_label_text=&#8221;Hours&#8221; custom_minutes_label_text=&#8221;Minutes&#8221; custom_seconds_label_text=&#8221;Seconds&#8221;][et_pb_column type=&#8221;4_4&#8243; _builder_version=&#8221;4.27.0&#8243; _module_preset=&#8221;default&#8221; global_colors_info=&#8221;{}&#8221; custom_days_label_text=&#8221;Days&#8221; custom_hours_label_text=&#8221;Hours&#8221; custom_minutes_label_text=&#8221;Minutes&#8221; custom_seconds_label_text=&#8221;Seconds&#8221;][et_pb_text _builder_version=&#8221;4.27.5&#8243; _module_preset=&#8221;default&#8221; header_2_font_size=&#8221;23px&#8221; max_width=&#8221;1096px&#8221; custom_margin=&#8221;|-239px||||&#8221; hover_enabled=&#8221;0&#8243; global_colors_info=&#8221;{}&#8221; custom_days_label_text=&#8221;Days&#8221; custom_hours_label_text=&#8221;Hours&#8221; custom_minutes_label_text=&#8221;Minutes&#8221; custom_seconds_label_text=&#8221;Seconds&#8221; sticky_enabled=&#8221;0&#8243;]<\/p>\n<p><em>19 June 2025<\/em><\/p>\n<p>The City of Stockholm has decided to retain ownership of Stockholmsm\u00e4ssan. As a result,<strong> Nordbygg will continue to be held in \u00c4lvsj\u00f6 until at least 2035<\/strong> \u2013 news that has been warmly welcomed by stakeholders across the construction and real estate sectors.<\/p>\n<p>Given the current market conditions, it has proven difficult to find a buyer who meets the city\u2019s requirements. The sale process has therefore been discontinued, and the city will continue to manage and develop the venue. It has also confirmed that the exhibition will remain at its current location in \u00c4lvsj\u00f6, south of Stockholm, for at least another decade.<\/p>\n<p>\u201cThis means, in other words, at least five more editions of Nordbygg at the same location \u2013 at a minimum! We will continue to focus on developing Nordbygg, which is Northern Europe\u2019s leading meeting place for the construction and real estate sectors,\u201d says Lina Hann, Project Manager for Nordbygg.<\/p>\n<p>She notes that the response from Nordbygg\u2019s organising group \u2013 consisting of the Building Materials Industries, the Energy and Environmental Technology Association, the Glass Industry Association, Installation Companies, Swedish Ventilation, and HVAC Manufacturers \u2013 has been overwhelmingly positive.<\/p>\n<h3>Long-Term Stability<\/h3>\n<p>\u201cLong-term stability and peace of mind are crucial in an uncertain economic climate. We\u2019re very pleased that the City of Stockholm will continue to run Stockholmsm\u00e4ssan at the same location through 2035. Nordbygg plays a vital role for the construction sector \u2013 there is no other event of this scale that brings together every part of the industry,\u201d says Britta Permats, CEO of Swedish Ventilation.<\/p>\n<h3>An Invaluable Meeting Place<\/h3>\n<p>Both the Building Materials Industries and HVAC Manufacturers \u2013 which represent large exhibitor groups \u2013 also express strong support for the decision to keep Nordbygg at its current venue for the long term.<\/p>\n<p>\u201cNordbygg is an invaluable meeting place \u2013 fantastic for networking and knowledge exchange. Continuity is especially important in areas that matter deeply to us, such as digitalisation and sustainability. The fair provides an opportunity to showcase smart solutions, drive progress, and share expertise,\u201d says Jonny Hellman, CEO of HVAC Manufacturers.<\/p>\n<h3>Serving the Public Good<\/h3>\n<p>Jenny Sv\u00e4rd, CEO of the Building Materials Industries, also highlights Nordbygg\u2019s value as a platform for collaboration and knowledge sharing within the sector. She underscores the event\u2019s contribution to society at large:<\/p>\n<p>\u201cThe uncertain global situation is putting greater focus on issues such as preparedness and enhanced collaboration across the sector. In this context, Nordbygg serves as a key platform to support efforts aimed at developing and strengthening the sector\u2019s transition in a time of uncertainty,\u201d says Jenny Sv\u00e4rd.<\/p>\n<p>[\/et_pb_text][\/et_pb_column][\/et_pb_row][\/et_pb_section][et_pb_section fb_built=&#8221;1&#8243; admin_label=&#8221;Bild 1\/2 + Text 1\/2&#8243; _builder_version=&#8221;4.24.2&#8243; _module_preset=&#8221;90f7fcc8-011e-4540-8598-a12e53a29ab5&#8243; custom_padding=&#8221;23px||16px||false|false&#8221; global_colors_info=&#8221;{%22gcid-zqmeyyr1-ozjs-tdol-t9th-kdmdqxufunhr%22:%91%22border_color_right%22,%22border_color_right%22%93}&#8221; custom_days_label_text=&#8221;Days&#8221; custom_hours_label_text=&#8221;Hours&#8221; custom_minutes_label_text=&#8221;Minutes&#8221; custom_seconds_label_text=&#8221;Seconds&#8221;][et_pb_row column_structure=&#8221;1_2,1_2&#8243; _builder_version=&#8221;4.24.2&#8243; _module_preset=&#8221;f9b766ed-ceef-4cd8-958d-5caeab6123e6&#8243; custom_days_label_text=&#8221;Days&#8221; custom_hours_label_text=&#8221;Hours&#8221; custom_minutes_label_text=&#8221;Minutes&#8221; custom_seconds_label_text=&#8221;Seconds&#8221;][et_pb_column type=&#8221;1_2&#8243; _builder_version=&#8221;4.24.2&#8243; _module_preset=&#8221;default&#8221; link_option_url=&#8221;#&#8221; global_colors_info=&#8221;{}&#8221; custom_days_label_text=&#8221;Days&#8221; custom_hours_label_text=&#8221;Hours&#8221; custom_minutes_label_text=&#8221;Minutes&#8221; custom_seconds_label_text=&#8221;Seconds&#8221;][et_pb_image src=&#8221;https:\/\/nordbygg.se\/wp-content\/uploads\/2024\/08\/badrum-1080&#215;540-1.jpg&#8221; alt=&#8221;current &#8211; bathrooms&#8221; title_text=&#8221;bathroom-1080&#215;540&#8243; url=&#8221;@ET-DC@eyJkeW5hbWljIjp0cnVlLCJjb250ZW50IjoicG9zdF9saW5rX3VybF9wYWdlIiwic2V0dGluZ3MiOnsicG9zdF9pZCI6IjMzMjIzNjQiLCJlbmFibGVfaHRtbCI6Im9mZiJ9fQ==@&#8221; force_fullwidth=&#8221;on&#8221; module_class=&#8221;puff-image&#8221; _builder_version=&#8221;4.27.0&#8243; _dynamic_attributes=&#8221;url&#8221; _module_preset=&#8221;default&#8221; global_colors_info=&#8221;{}&#8221; custom_days_label_text=&#8221;Days&#8221; custom_hours_label_text=&#8221;Hours&#8221; custom_minutes_label_text=&#8221;Minutes&#8221; custom_seconds_label_text=&#8221;Seconds&#8221;][\/et_pb_image][et_pb_cta title=&#8221;Latest news&#8221; button_url=&#8221;@ET-DC@eyJkeW5hbWljIjp0cnVlLCJjb250ZW50IjoicG9zdF9saW5rX3VybF9wYWdlIiwic2V0dGluZ3MiOnsicG9zdF9pZCI6IjMzMjIzNjQiLCJlbmFibGVfaHRtbCI6Im9mZiJ9fQ==@&#8221; button_text=&#8221;Progress and insights&#8221; _builder_version=&#8221;4.27.0&#8243; _dynamic_attributes=&#8221;button_url&#8221; _module_preset=&#8221;e522eb66-87c3-4648-89dc-84da811024a7&#8243; global_colors_info=&#8221;{%22gcid-zqmeyyr1-ozjs-tdol-t9th-kdmdqxufunhr%22:%91%22button_bg_color%22,%22button_border_color%22,%22button_bg_color%22,%22button_border_color%22,%22button_bg_color%22,%22button_border_color%22,%22button_bg_color%22,%22button_border_color%22,%22button_border_color%22%93,%22gcid-8ctl9olw-qzl0-39sh-h9m4-2r68cuzkve1q%22:%91%22button_bg_color%22,%22button_bg_color%22,%22button_bg_color%22,%22button_bg_color%22%93,%22gcid-xe7ua1bg-8o1q-uq3m-f8ql-qk12tgltkuk4%22:%91%22button_bg_color__hover%22%93,%22gcid-b1vezamf-03sf-crky-v342-jj7uc24ewnda%22:%91%22button_text_color%22%93,%22gcid-m0fraqv3-qztm-9290-df11-7p07yu2mtcg6%22:%91%22button_text_color__hover%22%93}&#8221; custom_days_label_text=&#8221;Days&#8221; custom_hours_label_text=&#8221;Hours&#8221; custom_minutes_label_text=&#8221;Minutes&#8221; custom_seconds_label_text=&#8221;Seconds&#8221;]<\/p>\n<p>Stay updated with the latest news from the 2024 event and onwards to 2026.<\/p>\n<p>[\/et_pb_cta][\/et_pb_column][et_pb_column type=&#8221;1_2&#8243; _builder_version=&#8221;4.24.2&#8243; _module_preset=&#8221;default&#8221; link_option_url=&#8221;#&#8221; global_colors_info=&#8221;{}&#8221; custom_days_label_text=&#8221;Days&#8221; custom_hours_label_text=&#8221;Hours&#8221; custom_minutes_label_text=&#8221;Minutes&#8221; custom_seconds_label_text=&#8221;Seconds&#8221;][et_pb_image src=&#8221;https:\/\/nordbygg.se\/wp-content\/uploads\/2024\/08\/nordbygg-live-tre-personer-1080&#215;540-1.jpg&#8221; alt=&#8221;nordbygg live &#8211; speakers on stage&#8221; title_text=&#8221;nordbygg-live-tre-personer-1080&#215;540&#8243; force_fullwidth=&#8221;on&#8221; module_class=&#8221;puff-image&#8221; _builder_version=&#8221;4.27.0&#8243; _module_preset=&#8221;default&#8221; global_colors_info=&#8221;{}&#8221; custom_days_label_text=&#8221;Days&#8221; custom_hours_label_text=&#8221;Hours&#8221; custom_minutes_label_text=&#8221;Minutes&#8221; custom_seconds_label_text=&#8221;Seconds&#8221;][\/et_pb_image][et_pb_cta title=&#8221;Nordbygg Live&#8221; button_url=&#8221;https:\/\/www.youtube.com\/watch?v=9QEomufoiC0&#038;list=PLuULlDHZJQgYQqWTIHcAXDpsukDwFD66T&#8221; url_new_window=&#8221;on&#8221; button_text=&#8221;Watch the seminars now&#8221; _builder_version=&#8221;4.27.0&#8243; _module_preset=&#8221;e522eb66-87c3-4648-89dc-84da811024a7&#8243; global_colors_info=&#8221;{%22gcid-zqmeyyr1-ozjs-tdol-t9th-kdmdqxufunhr%22:%91%22button_bg_color%22,%22button_border_color%22,%22button_bg_color%22,%22button_border_color%22,%22button_bg_color%22,%22button_border_color%22,%22button_bg_color%22,%22button_border_color%22,%22button_border_color%22%93,%22gcid-8ctl9olw-qzl0-39sh-h9m4-2r68cuzkve1q%22:%91%22button_bg_color%22,%22button_bg_color%22,%22button_bg_color%22,%22button_bg_color%22%93,%22gcid-xe7ua1bg-8o1q-uq3m-f8ql-qk12tgltkuk4%22:%91%22button_bg_color__hover%22%93,%22gcid-b1vezamf-03sf-crky-v342-jj7uc24ewnda%22:%91%22button_text_color%22%93,%22gcid-m0fraqv3-qztm-9290-df11-7p07yu2mtcg6%22:%91%22button_text_color__hover%22%93}&#8221; custom_days_label_text=&#8221;Days&#8221; custom_hours_label_text=&#8221;Hours&#8221; custom_minutes_label_text=&#8221;Minutes&#8221; custom_seconds_label_text=&#8221;Seconds&#8221;]<\/p>\n<p>Watch all the seminars from our main stage on our YouTube channel. Click here to access the recorded seminars and catch up on everything you missed! <\/p>\n<p>[\/et_pb_cta][\/et_pb_column][\/et_pb_row][\/et_pb_section]<\/p>\n","protected":false},"excerpt":{"rendered":"<p>City of Stockholm Retains Ownership of Stockholmsm\u00e4ssan19 June 2025 The City of Stockholm has decided to retain ownership of Stockholmsm\u00e4ssan. As a result, Nordbygg will continue to be held in [&hellip;]<\/p>\n","protected":false},"author":22,"featured_media":3322904,"parent":3322987,"menu_order":0,"comment_status":"closed","ping_status":"closed","template":"","meta":{"_et_pb_use_builder":"on","_et_pb_old_content":"","_et_gb_content_width":"","footnotes":""},"class_list":["post-3325856","page","type-page","status-publish","has-post-thumbnail","hentry"],"_links":{"self":[{"href":"https:\/\/nordbygg.se\/en\/wp-json\/wp\/v2\/pages\/3325856","targetHints":{"allow":["GET"]}}],"collection":[{"href":"https:\/\/nordbygg.se\/en\/wp-json\/wp\/v2\/pages"}],"about":[{"href":"https:\/\/nordbygg.se\/en\/wp-json\/wp\/v2\/types\/page"}],"author":[{"embeddable":true,"href":"https:\/\/nordbygg.se\/en\/wp-json\/wp\/v2\/users\/22"}],"replies":[{"embeddable":true,"href":"https:\/\/nordbygg.se\/en\/wp-json\/wp\/v2\/comments?post=3325856"}],"version-history":[{"count":9,"href":"https:\/\/nordbygg.se\/en\/wp-json\/wp\/v2\/pages\/3325856\/revisions"}],"predecessor-version":[{"id":3336907,"href":"https:\/\/nordbygg.se\/en\/wp-json\/wp\/v2\/pages\/3325856\/revisions\/3336907"}],"up":[{"embeddable":true,"href":"https:\/\/nordbygg.se\/en\/wp-json\/wp\/v2\/pages\/3322987"}],"wp:featuredmedia":[{"embeddable":true,"href":"https:\/\/nordbygg.se\/en\/wp-json\/wp\/v2\/media\/3322904"}],"wp:attachment":[{"href":"https:\/\/nordbygg.se\/en\/wp-json\/wp\/v2\/media?parent=3325856"}],"curies":[{"name":"wp","href":"https:\/\/api.w.org\/{rel}","templated":true}]}}