{"id":3324938,"date":"2025-02-04T14:01:40","date_gmt":"2025-02-04T13:01:40","guid":{"rendered":"https:\/\/nordbygg.se\/for-exhibitors\/nominees-for-the-gold-medal\/"},"modified":"2025-02-17T09:02:28","modified_gmt":"2025-02-17T08:02:28","slug":"nominees-for-the-gold-medal","status":"publish","type":"page","link":"https:\/\/nordbygg.se\/en\/nominees-for-the-gold-medal\/","title":{"rendered":"Nominees for the Gold Medal"},"content":{"rendered":"<p>[et_pb_section fb_built=&#8221;1&#8243; _builder_version=&#8221;4.27.4&#8243; _module_preset=&#8221;dcffbe7c-d829-4b92-9e28-730b66b1c6df&#8221; background_enable_color=&#8221;off&#8221; use_background_color_gradient=&#8221;on&#8221; background_color_gradient_direction=&#8221;192deg&#8221; background_color_gradient_stops=&#8221;rgba(0,0,0,0) 27%|rgba(0,0,0,0.9) 100%&#8221; background_color_gradient_overlays_image=&#8221;on&#8221; background_image=&#8221;https:\/\/nordbygg.se\/wp-content\/uploads\/2025\/02\/guldmedalj-nomninerad-till-1920&#215;1080-1.jpg&#8221; background_position=&#8221;top_center&#8221; background_vertical_offset=&#8221;54%&#8221; global_colors_info=&#8221;{}&#8221;][et_pb_row _builder_version=&#8221;4.24.2&#8243; _module_preset=&#8221;b47dc7b0-0c21-48f4-9be5-365125495c37&#8243; locked=&#8221;off&#8221; global_colors_info=&#8221;{}&#8221;][et_pb_column type=&#8221;4_4&#8243; _builder_version=&#8221;4.24.0&#8243; _module_preset=&#8221;default&#8221; global_colors_info=&#8221;{}&#8221;][et_pb_cta title=&#8221;10 innovative new products&#8221; _builder_version=&#8221;4.27.4&#8243; _module_preset=&#8221;0d7ddc9b-5fad-41ce-bbc3-1fa8c8b01c36&#8243; link_option_url_new_window=&#8221;on&#8221; hover_enabled=&#8221;0&#8243; global_colors_info=&#8221;{%22gcid-m0fraqv3-qztm-9290-df11-7p07yu2mtcg6%22:%91%22header_text_color%22,%22button_bg_color%22,%22button_border_color%22,%22button_text_color%22,%22header_text_color%22,%22button_bg_color%22,%22button_border_color%22,%22button_text_color%22,%22header_text_color%22,%22button_bg_color%22,%22button_border_color%22,%22button_text_color%22,%22header_text_color%22,%22button_bg_color%22,%22button_border_color%22,%22button_text_color%22,%22header_text_color%22,%22button_bg_color%22,%22button_text_color%22,%22header_text_color%22,%22button_bg_color%22,%22button_text_color%22,%22header_text_color%22,%22button_bg_color%22,%22button_text_color%22,%22header_text_color%22,%22button_bg_color%22,%22button_text_color%22,%22header_text_color%22,%22button_bg_color%22,%22button_text_color%22,%22header_text_color%22,%22button_bg_color%22,%22button_text_color%22,%22button_bg_color%22,%22button_text_color%22%93,%22gcid-8ctl9olw-qzl0-39sh-h9m4-2r68cuzkve1q%22:%91%22button_bg_color%22,%22button_border_color%22,%22button_bg_color%22,%22button_border_color%22,%22button_bg_color%22,%22button_border_color%22,%22button_bg_color%22,%22button_border_color%22%93,%22gcid-zqmeyyr1-ozjs-tdol-t9th-kdmdqxufunhr%22:%91%22button_border_color%22,%22button_bg_color%22,%22button_border_color%22,%22button_bg_color%22,%22button_border_color%22,%22button_bg_color%22,%22button_border_color%22,%22button_bg_color%22,%22button_bg_color%22%93,%22gcid-xe7ua1bg-8o1q-uq3m-f8ql-qk12tgltkuk4%22:%91%22button_border_color__hover%22,%22button_bg_color__hover%22%93}&#8221; sticky_enabled=&#8221;0&#8243;]<\/p>\n<p>\u2013 this year\u2019s nominations are here!<\/p>\n<p>[\/et_pb_cta][\/et_pb_column][\/et_pb_row][\/et_pb_section][et_pb_section fb_built=&#8221;1&#8243; admin_label=&#8221;Text 50\/50&#8243; _builder_version=&#8221;4.27.0&#8243; _module_preset=&#8221;34b06a86-dc81-4983-919e-0fd7f286eb1b&#8221; background_color=&#8221;#82B4BA&#8221; custom_padding=&#8221;18px||18px||false|false&#8221; global_colors_info=&#8221;{}&#8221;][et_pb_row custom_padding_last_edited=&#8221;on|phone&#8221; _builder_version=&#8221;4.24.2&#8243; _module_preset=&#8221;default&#8221; custom_margin=&#8221;||||false|false&#8221; custom_padding_tablet=&#8221;20px||||false|false&#8221; custom_padding_phone=&#8221;20px||||false|false&#8221; locked=&#8221;off&#8221; global_colors_info=&#8221;{}&#8221;][et_pb_column type=&#8221;4_4&#8243; _builder_version=&#8221;4.23.4&#8243; _module_preset=&#8221;default&#8221; global_colors_info=&#8221;{}&#8221;][et_pb_text _builder_version=&#8221;4.27.4&#8243; _module_preset=&#8221;91303309-ab2a-47f7-86a2-bf644d336a61&#8243; max_width=&#8221;881px&#8221; hover_enabled=&#8221;0&#8243; global_colors_info=&#8221;{}&#8221; sticky_enabled=&#8221;0&#8243;]<\/p>\n<p>Since 2010, Nordbygg\u2019s Gold Medal has been awarded to the year\u2019s most innovative product, and now the nominees for the 2025 award are revealed. The Gold Medal is presented by Nordbygg and Svensk Byggtj\u00e4nst. Over the next ten weeks, the finalists will be introduced one by one here on Nordbygg.se, but we can already reveal the ten selected products.<\/p>\n<p>[\/et_pb_text][et_pb_divider _builder_version=&#8221;4.24.2&#8243; _module_preset=&#8221;default&#8221; global_colors_info=&#8221;{}&#8221;][\/et_pb_divider][\/et_pb_column][\/et_pb_row][\/et_pb_section][et_pb_section fb_built=&#8221;1&#8243; _builder_version=&#8221;4.27.4&#8243; _module_preset=&#8221;default&#8221; global_colors_info=&#8221;{}&#8221;][et_pb_row _builder_version=&#8221;4.27.4&#8243; _module_preset=&#8221;default&#8221; global_colors_info=&#8221;{}&#8221;][et_pb_column type=&#8221;4_4&#8243; _builder_version=&#8221;4.27.4&#8243; _module_preset=&#8221;default&#8221; global_colors_info=&#8221;{}&#8221;][et_pb_text _builder_version=&#8221;4.27.4&#8243; _module_preset=&#8221;default&#8221; max_width=&#8221;927px&#8221; global_colors_info=&#8221;{}&#8221;]<\/p>\n<p>Previous winners include Nordsj\u00f6 Evolve Recycled, a partially recycled paint from Nordsj\u00f6, and the Hilti Exoskeleton.<\/p>\n<h3><strong>Here are the 2025 finalists, listed without ranking:<\/strong><\/h3>\n<ol>\n<li>Smekab Citylife \u2013 R\u00e4cke LEDAREN \u2013 A flexible railing system for slopes and angles<\/li>\n<li>Woodsafe Timber Protection AB \u2013 WOODSAFE\u00ae WPG (PRO Green) \u2013 Fire protection without compromising health and the environment<\/li>\n<li>Simpson Strong-Tie AB \u2013 Self-Drilling Dowel (SDD) \u2013 Dowel for heavy timber construction that simplifies the workflow<\/li>\n<li>Atelj\u00e9 Lyktan AB \u2013 Superdupertube \u2013 A hemp-based lamp for a brighter future<\/li>\n<li>Plannja AB \u2013 Plannja Trend\/Plannja Sinus \u2013 Roof and facade profiles made from recycled steel<\/li>\n<li>Heidelberg Materials Precast Contiga AB \u2013 H\u00e5ld\u00e4ck HD\/F 120\/15 \u2013 Reduced material usage with thinner hollow-core slabs<\/li>\n<li>Smartax Byggmaterial AB \u2013 Smartax Interior Wall \u2013 Interior wall system with a low CO2 footprint<\/li>\n<li>gop Sverige AB \u2013 Polygood\u00ae \u2013 Giving plastic waste a second life<\/li>\n<li>TECCA AB \u2013 FormPlate \u2013 Casting board made from corrugated cardboard<\/li>\n<li>Kiilto AB \u2013 Debonding on Demand \u2013 The adhesive that makes waste recyclable<\/li>\n<\/ol>\n<p><strong><br \/>The jury<\/strong><\/p>\n<p>This year\u2019s jury members are Lina Hann (Nordbygg), Jenny Sv\u00e4rd (Byggmaterialindustrierna), Ingar Lindholm and Anna G\u00f6th (Svensk Byggtj\u00e4nst), and Karin Lar\u00e9n (Hallstr\u00f6m PR), who serves as the jury\u2019s secretary.<\/p>\n<p>A new addition to the jury panel this year is climate specialist Alexander Landborn from Nodon.<\/p>\n<p>[\/et_pb_text][\/et_pb_column][\/et_pb_row][\/et_pb_section][et_pb_section fb_built=&#8221;1&#8243; admin_label=&#8221;Bild 1\/2 + Text 1\/2&#8243; _builder_version=&#8221;4.24.2&#8243; _module_preset=&#8221;90f7fcc8-011e-4540-8598-a12e53a29ab5&#8243; global_colors_info=&#8221;{%22gcid-zqmeyyr1-ozjs-tdol-t9th-kdmdqxufunhr%22:%91%22border_color_right%22,%22border_color_right%22%93}&#8221;][et_pb_row column_structure=&#8221;1_2,1_2&#8243; gutter_width=&#8221;3&#8243; make_equal=&#8221;on&#8221; module_class=&#8221;image-text&#8221; _builder_version=&#8221;4.24.2&#8243; _module_preset=&#8221;default&#8221; global_colors_info=&#8221;{}&#8221;][et_pb_column type=&#8221;1_2&#8243; _builder_version=&#8221;4.23.4&#8243; _module_preset=&#8221;default&#8221; global_colors_info=&#8221;{}&#8221;][et_pb_image src=&#8221;https:\/\/nordbygg.se\/wp-content\/uploads\/2024\/08\/badrum-1080&#215;540-1.jpg&#8221; alt=&#8221;current &#8211; bathrooms&#8221; title_text=&#8221;bathroom-1080&#215;540&#8243; url=&#8221;@ET-DC@eyJkeW5hbWljIjp0cnVlLCJjb250ZW50IjoicG9zdF9saW5rX3VybF9wYWdlIiwic2V0dGluZ3MiOnsicG9zdF9pZCI6IjMzMjIzNjQiLCJlbmFibGVfaHRtbCI6Im9mZiJ9fQ==@&#8221; force_fullwidth=&#8221;on&#8221; module_class=&#8221;puff-image&#8221; _builder_version=&#8221;4.27.0&#8243; _dynamic_attributes=&#8221;url&#8221; _module_preset=&#8221;default&#8221; global_colors_info=&#8221;{}&#8221;][\/et_pb_image][\/et_pb_column][et_pb_column type=&#8221;1_2&#8243; _builder_version=&#8221;4.23.4&#8243; _module_preset=&#8221;default&#8221; global_colors_info=&#8221;{}&#8221;][et_pb_cta title=&#8221;Latest news&#8221; button_url=&#8221;@ET-DC@eyJkeW5hbWljIjp0cnVlLCJjb250ZW50IjoicG9zdF9saW5rX3VybF9wYWdlIiwic2V0dGluZ3MiOnsicG9zdF9pZCI6IjMzMjIzNjQiLCJlbmFibGVfaHRtbCI6Im9mZiJ9fQ==@&#8221; button_text=&#8221;Progress and insights&#8221; _builder_version=&#8221;4.27.4&#8243; _dynamic_attributes=&#8221;button_url&#8221; _module_preset=&#8221;e522eb66-87c3-4648-89dc-84da811024a7&#8243; global_colors_info=&#8221;{%22gcid-zqmeyyr1-ozjs-tdol-t9th-kdmdqxufunhr%22:%91%22button_bg_color%22,%22button_border_color%22,%22button_bg_color%22,%22button_border_color%22,%22button_bg_color%22,%22button_border_color%22,%22button_bg_color%22,%22button_border_color%22,%22button_border_color%22%93,%22gcid-8ctl9olw-qzl0-39sh-h9m4-2r68cuzkve1q%22:%91%22button_bg_color%22,%22button_bg_color%22,%22button_bg_color%22,%22button_bg_color%22%93,%22gcid-xe7ua1bg-8o1q-uq3m-f8ql-qk12tgltkuk4%22:%91%22button_bg_color__hover%22%93,%22gcid-b1vezamf-03sf-crky-v342-jj7uc24ewnda%22:%91%22button_text_color%22%93,%22gcid-m0fraqv3-qztm-9290-df11-7p07yu2mtcg6%22:%91%22button_text_color__hover%22%93}&#8221;]<\/p>\n<p>Check out our &#8216;What&#8217;s new&#8217; page for the latest news, interesting interviews and current events.<\/p>\n<p>[\/et_pb_cta][\/et_pb_column][\/et_pb_row][\/et_pb_section]<\/p>\n","protected":false},"excerpt":{"rendered":"<p>\u2013 this year\u2019s nominations are here!Since 2010, Nordbygg\u2019s Gold Medal has been awarded to the year\u2019s most innovative product, and now the nominees for the 2025 award are revealed. The [&hellip;]<\/p>\n","protected":false},"author":22,"featured_media":3324877,"parent":0,"menu_order":0,"comment_status":"closed","ping_status":"closed","template":"","meta":{"_et_pb_use_builder":"on","_et_pb_old_content":"","_et_gb_content_width":"","footnotes":""},"class_list":["post-3324938","page","type-page","status-publish","has-post-thumbnail","hentry"],"_links":{"self":[{"href":"https:\/\/nordbygg.se\/en\/wp-json\/wp\/v2\/pages\/3324938","targetHints":{"allow":["GET"]}}],"collection":[{"href":"https:\/\/nordbygg.se\/en\/wp-json\/wp\/v2\/pages"}],"about":[{"href":"https:\/\/nordbygg.se\/en\/wp-json\/wp\/v2\/types\/page"}],"author":[{"embeddable":true,"href":"https:\/\/nordbygg.se\/en\/wp-json\/wp\/v2\/users\/22"}],"replies":[{"embeddable":true,"href":"https:\/\/nordbygg.se\/en\/wp-json\/wp\/v2\/comments?post=3324938"}],"version-history":[{"count":0,"href":"https:\/\/nordbygg.se\/en\/wp-json\/wp\/v2\/pages\/3324938\/revisions"}],"wp:featuredmedia":[{"embeddable":true,"href":"https:\/\/nordbygg.se\/en\/wp-json\/wp\/v2\/media\/3324877"}],"wp:attachment":[{"href":"https:\/\/nordbygg.se\/en\/wp-json\/wp\/v2\/media?parent=3324938"}],"curies":[{"name":"wp","href":"https:\/\/api.w.org\/{rel}","templated":true}]}}