{"id":3324931,"date":"2025-01-31T12:50:33","date_gmt":"2025-01-31T11:50:33","guid":{"rendered":"https:\/\/nordbygg.se\/for-visitors\/latest-news\/nordbygg-gold-medal\/"},"modified":"2025-02-17T09:06:14","modified_gmt":"2025-02-17T08:06:14","slug":"nordbygg-gold-medal","status":"publish","type":"page","link":"https:\/\/nordbygg.se\/en\/for-visitors\/latest-news\/nordbygg-gold-medal\/","title":{"rendered":"Nordbygg Gold Medal"},"content":{"rendered":"<p>[et_pb_section fb_built=&#8221;1&#8243; _builder_version=&#8221;4.27.4&#8243; _module_preset=&#8221;dcffbe7c-d829-4b92-9e28-730b66b1c6df&#8221; background_color=&#8221;#61A0A8&#8243; use_background_color_gradient=&#8221;on&#8221; background_color_gradient_direction=&#8221;197deg&#8221; background_color_gradient_stops=&#8221;rgba(0,0,0,0) 48%|rgba(0,0,0,0.9) 93%&#8221; background_color_gradient_overlays_image=&#8221;on&#8221; background_image=&#8221;https:\/\/nordbygg.se\/wp-content\/uploads\/2025\/01\/guldmedalj-1920x1080d.jpg&#8221; background_position=&#8221;top_center&#8221; background_vertical_offset=&#8221;39%&#8221; global_colors_info=&#8221;{}&#8221;][et_pb_row _builder_version=&#8221;4.27.0&#8243; _module_preset=&#8221;b47dc7b0-0c21-48f4-9be5-365125495c37&#8243; background_position=&#8221;top_center&#8221; background_vertical_offset=&#8221;13%&#8221; border_radii=&#8221;on|20px|20px|20px|20px&#8221; locked=&#8221;off&#8221; global_colors_info=&#8221;{}&#8221;][et_pb_column type=&#8221;4_4&#8243; _builder_version=&#8221;4.24.0&#8243; _module_preset=&#8221;default&#8221; global_colors_info=&#8221;{}&#8221;][et_pb_cta title=&#8221;The Nordbygg Gold Medal 15 years &#8221; _builder_version=&#8221;4.27.4&#8243; _module_preset=&#8221;0d7ddc9b-5fad-41ce-bbc3-1fa8c8b01c36&#8243; header_font_size=&#8221;45px&#8221; custom_margin=&#8221;|-310px||||&#8221; custom_padding=&#8221;|||33px||&#8221; global_colors_info=&#8221;{%22gcid-m0fraqv3-qztm-9290-df11-7p07yu2mtcg6%22:%91%22header_text_color%22,%22button_bg_color%22,%22button_border_color%22,%22button_text_color%22,%22header_text_color%22,%22button_bg_color%22,%22button_border_color%22,%22button_text_color%22,%22header_text_color%22,%22button_bg_color%22,%22button_border_color%22,%22button_text_color%22,%22header_text_color%22,%22button_bg_color%22,%22button_border_color%22,%22button_text_color%22,%22header_text_color%22,%22button_bg_color%22,%22button_text_color%22,%22header_text_color%22,%22button_bg_color%22,%22button_text_color%22,%22header_text_color%22,%22button_bg_color%22,%22button_text_color%22,%22header_text_color%22,%22button_bg_color%22,%22button_text_color%22,%22header_text_color%22,%22button_bg_color%22,%22button_text_color%22,%22header_text_color%22,%22button_bg_color%22,%22button_text_color%22,%22button_bg_color%22,%22button_text_color%22%93,%22gcid-8ctl9olw-qzl0-39sh-h9m4-2r68cuzkve1q%22:%91%22button_bg_color%22,%22button_border_color%22,%22button_bg_color%22,%22button_border_color%22,%22button_bg_color%22,%22button_border_color%22,%22button_bg_color%22,%22button_border_color%22%93,%22gcid-zqmeyyr1-ozjs-tdol-t9th-kdmdqxufunhr%22:%91%22button_border_color%22,%22button_bg_color%22,%22button_border_color%22,%22button_bg_color%22,%22button_border_color%22,%22button_bg_color%22,%22button_border_color%22,%22button_bg_color%22,%22button_bg_color%22%93,%22gcid-xe7ua1bg-8o1q-uq3m-f8ql-qk12tgltkuk4%22:%91%22button_border_color__hover%22,%22button_bg_color__hover%22%93}&#8221;]<\/p>\n<p>\u2013\u00a0 the panel is at work<\/p>\n<p>[\/et_pb_cta][\/et_pb_column][\/et_pb_row][\/et_pb_section][et_pb_section fb_built=&#8221;1&#8243; admin_label=&#8221;Text 50\/50&#8243; _builder_version=&#8221;4.27.0&#8243; _module_preset=&#8221;34b06a86-dc81-4983-919e-0fd7f286eb1b&#8221; background_color=&#8221;#82B4BA&#8221; custom_padding=&#8221;50px||12px||false|false&#8221; global_colors_info=&#8221;{}&#8221;][et_pb_row custom_padding_last_edited=&#8221;on|phone&#8221; _builder_version=&#8221;4.24.2&#8243; _module_preset=&#8221;default&#8221; custom_margin=&#8221;||||false|false&#8221; custom_padding=&#8221;||49px||false|false&#8221; custom_padding_tablet=&#8221;20px||||false|false&#8221; custom_padding_phone=&#8221;20px||||false|false&#8221; locked=&#8221;off&#8221;][et_pb_column type=&#8221;4_4&#8243; _builder_version=&#8221;4.23.4&#8243; _module_preset=&#8221;default&#8221; global_colors_info=&#8221;{}&#8221;][et_pb_text _builder_version=&#8221;4.27.4&#8243; _module_preset=&#8221;default&#8221; header_2_font_size=&#8221;31px&#8221; custom_margin=&#8221;||0px||false|false&#8221; custom_margin_tablet=&#8221;||0px||false|false&#8221; custom_margin_phone=&#8221;||0px||false|false&#8221; custom_margin_last_edited=&#8221;on|desktop&#8221; global_colors_info=&#8221;{}&#8221;]<\/p>\n<p>The jury is now hard at work selecting Nordbygg\u2019s Gold Medal winner for the most innovative product innovation of the year. Climate specialist Alexander Landborn new member of the panel.<\/p>\n<p>[\/et_pb_text][et_pb_divider _builder_version=&#8221;4.24.2&#8243; _module_preset=&#8221;default&#8221; global_colors_info=&#8221;{}&#8221;][\/et_pb_divider][\/et_pb_column][\/et_pb_row][\/et_pb_section][et_pb_section fb_built=&#8221;1&#8243; _builder_version=&#8221;4.27.0&#8243; _module_preset=&#8221;default&#8221; global_colors_info=&#8221;{}&#8221;][et_pb_row _builder_version=&#8221;4.27.0&#8243; _module_preset=&#8221;default&#8221; global_colors_info=&#8221;{}&#8221;][et_pb_column type=&#8221;4_4&#8243; _builder_version=&#8221;4.27.0&#8243; _module_preset=&#8221;default&#8221; global_colors_info=&#8221;{}&#8221;][et_pb_text _builder_version=&#8221;4.27.4&#8243; _module_preset=&#8221;default&#8221; header_2_font_size=&#8221;23px&#8221; max_width=&#8221;1096px&#8221; custom_margin=&#8221;|-239px||||&#8221; global_colors_info=&#8221;{}&#8221;]<\/p>\n<p><em>31 January 2025<\/em><\/p>\n<p>The panel is busy working on the Nordbygg Gold Medal for the most innovative product news of the year.<\/p>\n<p>From about a hundred product news in the Byggkatalog from Svensk Byggtj\u00e4nst ten finalists have been selected. The nominees will be presented weekly by Byggkoll starting in the beginning of February.<\/p>\n<p>The Nordbygg Gold Medal is actually celebrating its 15-year anniversary this year. Through the years, a nomination or win has turned out to be a platform for companies to show their innovations, which has contributed to increased visibility, business opportunities and strengthened market position.<\/p>\n<p>New to the panel this year is the climate specialist Alexander Landborn, Nodon.<img decoding=\"async\" class=\"wp-image-3324780 size-medium alignleft\" src=\"https:\/\/nordbygg.se\/wp-content\/uploads\/2025\/01\/alexander-landborn-295x300.jpg\" alt=\"Alexander Landborg - portr\u00e4ttbild\" width=\"295\" height=\"300\" \/><\/p>\n<p>\u2013 It\u2019s great to be on the panel for the Nordbygg Gold Medal! Many of the nominees are investing in circularity or other climate-smart strategies. It feels inspiring to be able to contribute with my knowledge of climate and resource-efficient buildings, Alexander Landborn says.<\/p>\n<p>The other members of the panel are Lina Hann, Nordbygg, Jenny Sv\u00e4rd, Byggmaterialindustrierna, Inger Lindholm and Anna G\u00f6th, Svensk Byggtj\u00e4nst, and Karin Lar\u00e9n, Hallstr\u00f6m PR, as the secretary of the panel. The panel thanks Bj\u00f6rn Florman, who has been a panel member from the start and who is now leaving the group.<\/p>\n<p>&nbsp;<\/p>\n<p>[\/et_pb_text][\/et_pb_column][\/et_pb_row][\/et_pb_section][et_pb_section fb_built=&#8221;1&#8243; admin_label=&#8221;Bild 1\/2 + Text 1\/2&#8243; _builder_version=&#8221;4.24.2&#8243; _module_preset=&#8221;90f7fcc8-011e-4540-8598-a12e53a29ab5&#8243; global_colors_info=&#8221;{%22gcid-zqmeyyr1-ozjs-tdol-t9th-kdmdqxufunhr%22:%91%22border_color_right%22,%22border_color_right%22%93}&#8221;][et_pb_row column_structure=&#8221;1_2,1_2&#8243; gutter_width=&#8221;3&#8243; make_equal=&#8221;on&#8221; module_class=&#8221;image-text&#8221; _builder_version=&#8221;4.24.2&#8243; _module_preset=&#8221;default&#8221; global_colors_info=&#8221;{}&#8221;][et_pb_column type=&#8221;1_2&#8243; _builder_version=&#8221;4.23.4&#8243; _module_preset=&#8221;default&#8221; global_colors_info=&#8221;{}&#8221;][et_pb_image src=&#8221;https:\/\/nordbygg.se\/wp-content\/uploads\/2025\/02\/guldmedaljen-1080&#215;540-1.jpg&#8221; alt=&#8221;Nordbygg Gold Medal &#8211; 10 nominees ready for 2025&#8243; title_text=&#8221;guldmedaljen-1080&#215;540&#8243; url=&#8221;@ET-DC@eyJkeW5hbWljIjp0cnVlLCJjb250ZW50IjoicG9zdF9saW5rX3VybF9wYWdlIiwic2V0dGluZ3MiOnsicG9zdF9pZCI6IjMzMjQ4MTEiLCJlbmFibGVfaHRtbCI6Im9mZiJ9fQ==@&#8221; _builder_version=&#8221;4.27.4&#8243; _dynamic_attributes=&#8221;url&#8221; _module_preset=&#8221;default&#8221; global_colors_info=&#8221;{}&#8221;][\/et_pb_image][\/et_pb_column][et_pb_column type=&#8221;1_2&#8243; _builder_version=&#8221;4.23.4&#8243; _module_preset=&#8221;default&#8221; global_colors_info=&#8221;{}&#8221;][et_pb_cta title=&#8221;Here are the nominees&#8221; button_url=&#8221;@ET-DC@eyJkeW5hbWljIjp0cnVlLCJjb250ZW50IjoicG9zdF9saW5rX3VybF9wYWdlIiwic2V0dGluZ3MiOnsicG9zdF9pZCI6IjMzMjQ4MTEiLCJlbmFibGVfaHRtbCI6Im9mZiJ9fQ==@&#8221; button_text=&#8221;The nominees are&#8230;&#8221; _builder_version=&#8221;4.27.4&#8243; _dynamic_attributes=&#8221;button_url&#8221; _module_preset=&#8221;_initial&#8221; global_colors_info=&#8221;{%22gcid-m0fraqv3-qztm-9290-df11-7p07yu2mtcg6%22:%91%22button_text_color%22,%22header_text_color%22,%22body_text_color%22%93,%22gcid-8ctl9olw-qzl0-39sh-h9m4-2r68cuzkve1q%22:%91%22button_border_color%22,%22button_border_color__hover%22%93,%22gcid-zqmeyyr1-ozjs-tdol-t9th-kdmdqxufunhr%22:%91%22button_border_color%22,%22button_bg_color%22%93,%22gcid-xe7ua1bg-8o1q-uq3m-f8ql-qk12tgltkuk4%22:%91%22button_border_color__hover%22,%22button_bg_color__hover%22,%22button_border_color__hover%22,%22button_bg_color__hover%22%93}&#8221; button_bg_color__hover_enabled=&#8221;on|desktop&#8221; button_bg_color__hover=&#8221;#659c82&#8243;]<\/p>\n<p>The Nordbygg Gold Medal has been awarded since 2010 and now the finalists for the 2025 award are revealed.<br \/><strong><br \/><\/strong><\/p>\n<p>[\/et_pb_cta][\/et_pb_column][\/et_pb_row][\/et_pb_section]<\/p>\n","protected":false},"excerpt":{"rendered":"<p>\u2013\u00a0 the panel is at workThe jury is now hard at work selecting Nordbygg\u2019s Gold Medal winner for the most innovative product innovation of the year. Climate specialist Alexander Landborn [&hellip;]<\/p>\n","protected":false},"author":22,"featured_media":3324790,"parent":3322987,"menu_order":0,"comment_status":"closed","ping_status":"closed","template":"","meta":{"_et_pb_use_builder":"on","_et_pb_old_content":"","_et_gb_content_width":"","footnotes":""},"class_list":["post-3324931","page","type-page","status-publish","has-post-thumbnail","hentry"],"_links":{"self":[{"href":"https:\/\/nordbygg.se\/en\/wp-json\/wp\/v2\/pages\/3324931","targetHints":{"allow":["GET"]}}],"collection":[{"href":"https:\/\/nordbygg.se\/en\/wp-json\/wp\/v2\/pages"}],"about":[{"href":"https:\/\/nordbygg.se\/en\/wp-json\/wp\/v2\/types\/page"}],"author":[{"embeddable":true,"href":"https:\/\/nordbygg.se\/en\/wp-json\/wp\/v2\/users\/22"}],"replies":[{"embeddable":true,"href":"https:\/\/nordbygg.se\/en\/wp-json\/wp\/v2\/comments?post=3324931"}],"version-history":[{"count":0,"href":"https:\/\/nordbygg.se\/en\/wp-json\/wp\/v2\/pages\/3324931\/revisions"}],"up":[{"embeddable":true,"href":"https:\/\/nordbygg.se\/en\/wp-json\/wp\/v2\/pages\/3322987"}],"wp:featuredmedia":[{"embeddable":true,"href":"https:\/\/nordbygg.se\/en\/wp-json\/wp\/v2\/media\/3324790"}],"wp:attachment":[{"href":"https:\/\/nordbygg.se\/en\/wp-json\/wp\/v2\/media?parent=3324931"}],"curies":[{"name":"wp","href":"https:\/\/api.w.org\/{rel}","templated":true}]}}