{"id":3323217,"date":"2024-09-08T12:22:29","date_gmt":"2024-09-08T10:22:29","guid":{"rendered":"https:\/\/dev.nordbygg.se\/for-visitors\/why-visit-us\/"},"modified":"2025-08-15T15:49:39","modified_gmt":"2025-08-15T13:49:39","slug":"why-visit-us","status":"publish","type":"page","link":"https:\/\/nordbygg.se\/en\/for-visitors\/why-visit-us\/","title":{"rendered":"Why visit us?"},"content":{"rendered":"<p>[et_pb_section fb_built=&#8221;1&#8243; _builder_version=&#8221;4.27.0&#8243; _module_preset=&#8221;dcffbe7c-d829-4b92-9e28-730b66b1c6df&#8221; use_background_color_gradient=&#8221;on&#8221; background_color_gradient_direction=&#8221;193deg&#8221; background_color_gradient_stops=&#8221;rgba(43,135,218,0) 0%|rgba(40, 124, 201, 0.08) 67%|#000000 100%&#8221; background_color_gradient_overlays_image=&#8221;on&#8221; background_image=&#8221;https:\/\/nordbygg.se\/wp-content\/uploads\/2024\/09\/talare-pa-scen-1920x1080C.jpg&#8221; custom_margin=&#8221;0px||||false|false&#8221; global_colors_info=&#8221;{%22gcid-zqmeyyr1-ozjs-tdol-t9th-kdmdqxufunhr%22:%91%22border_color_right%22%93}&#8221;][et_pb_row _builder_version=&#8221;4.27.0&#8243; _module_preset=&#8221;087478c9-bc28-42e0-b4eb-af3ef24da15a&#8221; background_enable_image=&#8221;off&#8221; background_position=&#8221;top_center&#8221; background_vertical_offset=&#8221;99%&#8221; global_colors_info=&#8221;{}&#8221;][et_pb_column type=&#8221;4_4&#8243; _builder_version=&#8221;4.24.0&#8243; _module_preset=&#8221;default&#8221; global_colors_info=&#8221;{}&#8221;][et_pb_cta title=&#8221;Why visit us?&#8221; _builder_version=&#8221;4.27.0&#8243; _module_preset=&#8221;eeb10789-0922-445d-be67-cf374fa445b8&#8243; global_colors_info=&#8221;{%22gcid-m0fraqv3-qztm-9290-df11-7p07yu2mtcg6%22:%91%22header_text_color%22,%22button_text_color%22,%22button_border_color%22,%22header_text_color%22,%22button_text_color%22,%22button_border_color%22%93,%22gcid-zqmeyyr1-ozjs-tdol-t9th-kdmdqxufunhr%22:%91%22button_border_color%22,%22button_bg_color%22,%22button_border_color%22,%22button_bg_color%22,%22button_border_color%22,%22button_bg_color%22,%22button_border_color%22,%22button_bg_color%22%93,%22gcid-xe7ua1bg-8o1q-uq3m-f8ql-qk12tgltkuk4%22:%91%22button_border_color__hover%22,%22button_bg_color__hover%22%93,%22gcid-8ctl9olw-qzl0-39sh-h9m4-2r68cuzkve1q%22:%91%22button_border_color%22,%22button_border_color%22,%22button_border_color%22%93}&#8221; button_bg_color__hover_enabled=&#8221;on|hover&#8221; button_bg_color__hover=&#8221;&#8221;]<\/p>\n<p>Deepen your knowledge and achieve success<\/p>\n<p>[\/et_pb_cta][\/et_pb_column][\/et_pb_row][\/et_pb_section][et_pb_section fb_built=&#8221;1&#8243; admin_label=&#8221;Text 50\/50&#8243; _builder_version=&#8221;4.27.0&#8243; _module_preset=&#8221;34b06a86-dc81-4983-919e-0fd7f286eb1b&#8221; background_color=&#8221;#82B4BA&#8221; custom_padding=&#8221;50px||0px||false|false&#8221; locked=&#8221;off&#8221; global_colors_info=&#8221;{}&#8221;][et_pb_row column_structure=&#8221;1_2,1_2&#8243; gutter_width=&#8221;3&#8243; custom_padding_last_edited=&#8221;on|tablet&#8221; module_class=&#8221;text-text-row&#8221; _builder_version=&#8221;4.24.2&#8243; _module_preset=&#8221;default&#8221; min_height=&#8221;118px&#8221; custom_margin=&#8221;|auto|-40px|auto||&#8221; custom_padding=&#8221;0px||||false|false&#8221; custom_padding_tablet=&#8221;||0px||false|false&#8221; custom_padding_phone=&#8221;||0px||false|false&#8221; locked=&#8221;off&#8221; global_colors_info=&#8221;{}&#8221;][et_pb_column type=&#8221;1_2&#8243; _builder_version=&#8221;4.24.2&#8243; _module_preset=&#8221;default&#8221; global_colors_info=&#8221;{}&#8221;][et_pb_text _builder_version=&#8221;4.27.4&#8243; _module_preset=&#8221;default&#8221; max_width=&#8221;959px&#8221; min_height=&#8221;116px&#8221; custom_margin=&#8221;||-41px|||&#8221; custom_padding=&#8221;|14px||||&#8221; global_colors_info=&#8221;{}&#8221;]<\/p>\n<p>Nordbygg is held every even year in April at Stockholmsm\u00e4ssan, attracting around 900 exhibitors and 35,000 visitors. Nordbygg is organized in collaboration with leading associations within the Swedish industry.<\/p>\n<p>See you on April 21-24, 2026, at Stockholmsm\u00e4ssan.<\/p>\n<p>&nbsp;<\/p>\n<p>[\/et_pb_text][\/et_pb_column][et_pb_column type=&#8221;1_2&#8243; _builder_version=&#8221;4.24.0&#8243; _module_preset=&#8221;default&#8221; global_colors_info=&#8221;{}&#8221;][et_pb_text _builder_version=&#8221;4.24.2&#8243; _module_preset=&#8221;default&#8221; min_height=&#8221;13px&#8221; locked=&#8221;off&#8221; global_colors_info=&#8221;{}&#8221;][\/et_pb_text][\/et_pb_column][\/et_pb_row][et_pb_row custom_padding_last_edited=&#8221;on|phone&#8221; _builder_version=&#8221;4.24.2&#8243; _module_preset=&#8221;default&#8221; custom_margin=&#8221;||||false|false&#8221; custom_padding=&#8221;||50px||false|false&#8221; custom_padding_tablet=&#8221;20px||||false|false&#8221; custom_padding_phone=&#8221;20px||||false|false&#8221; locked=&#8221;off&#8221; global_colors_info=&#8221;{}&#8221;][et_pb_column type=&#8221;4_4&#8243; _builder_version=&#8221;4.23.4&#8243; _module_preset=&#8221;default&#8221; global_colors_info=&#8221;{}&#8221;][et_pb_divider _builder_version=&#8221;4.24.2&#8243; _module_preset=&#8221;default&#8221; global_colors_info=&#8221;{}&#8221;][\/et_pb_divider][\/et_pb_column][\/et_pb_row][\/et_pb_section][et_pb_section fb_built=&#8221;1&#8243; _builder_version=&#8221;4.27.0&#8243; _module_preset=&#8221;default&#8221; custom_padding=&#8221;17px||12px||false|false&#8221; global_colors_info=&#8221;{}&#8221;][et_pb_row _builder_version=&#8221;4.27.0&#8243; _module_preset=&#8221;default&#8221; custom_padding=&#8221;50px||50px||false|false&#8221; global_colors_info=&#8221;{}&#8221;][et_pb_column type=&#8221;4_4&#8243; _builder_version=&#8221;4.27.0&#8243; _module_preset=&#8221;default&#8221; global_colors_info=&#8221;{}&#8221;][et_pb_text _builder_version=&#8221;4.27.0&#8243; _module_preset=&#8221;default&#8221; header_2_font_size=&#8221;38px&#8221; global_colors_info=&#8221;{}&#8221;]<\/p>\n<h2>Discover the opportunities at Nordbygg<\/h2>\n<p>[\/et_pb_text][\/et_pb_column][\/et_pb_row][et_pb_row column_structure=&#8221;1_3,1_3,1_3&#8243; custom_padding_last_edited=&#8221;on|phone&#8221; _builder_version=&#8221;4.24.1&#8243; _module_preset=&#8221;default&#8221; custom_padding=&#8221;50px||50px||false|false&#8221; custom_padding_tablet=&#8221;||||false|false&#8221; custom_padding_phone=&#8221;||||false|false&#8221; global_colors_info=&#8221;%91%93&#8243;][et_pb_column type=&#8221;1_3&#8243; _builder_version=&#8221;4.23.4&#8243; _module_preset=&#8221;default&#8221; global_colors_info=&#8221;{}&#8221;][et_pb_image src=&#8221;https:\/\/nordbygg.se\/wp-content\/uploads\/2024\/09\/robot-700&#215;350-1.jpg&#8221; alt=&#8221;about nordbygg &#8211; robot&#8221; title_text=&#8221;robot-700&#215;350&#8243; _builder_version=&#8221;4.27.0&#8243; _module_preset=&#8221;default&#8221; global_colors_info=&#8221;{}&#8221;][\/et_pb_image][et_pb_text module_class=&#8221;bold-intro-text&#8221; _builder_version=&#8221;4.27.0&#8243; _module_preset=&#8221;d2de1bb5-7871-475a-a7ce-cf892236863b&#8221; text_font=&#8221;LabGrotesque Bold||||||||&#8221; header_2_font_size=&#8221;32px&#8221; global_colors_info=&#8221;%91%93&#8243;]<\/p>\n<h2>The future<\/h2>\n<p>Our mission is to provide a valuable and relevant meeting place for stakeholders and actors in the construction and real estate industry. We facilitate discussions on construction conditions, urban planning, and products and services for the production, maintenance, and management of properties.<\/p>\n<p>[\/et_pb_text][\/et_pb_column][et_pb_column type=&#8221;1_3&#8243; _builder_version=&#8221;4.24.3&#8243; _module_preset=&#8221;default&#8221; global_colors_info=&#8221;{}&#8221;][et_pb_image src=&#8221;https:\/\/nordbygg.se\/wp-content\/uploads\/2024\/09\/folk-samtalar-700&#215;350-1.jpg&#8221; alt=&#8221;about nordbygg &#8211; people talking&#8221; title_text=&#8221;folk-samtalar-700&#215;350&#8243; _builder_version=&#8221;4.27.0&#8243; _module_preset=&#8221;default&#8221; global_colors_info=&#8221;{}&#8221;][\/et_pb_image][et_pb_text module_class=&#8221;bold-intro-text&#8221; _builder_version=&#8221;4.27.0&#8243; _module_preset=&#8221;d2de1bb5-7871-475a-a7ce-cf892236863b&#8221; text_font=&#8221;LabGrotesque Bold||||||||&#8221; header_2_font_size=&#8221;32px&#8221; global_colors_info=&#8221;%91%93&#8243;]<\/p>\n<h2>Meeting place<\/h2>\n<p>andNordbygg primarily serves as a platform for industry actors to meet in person, driving business and industry development through biennial meetings at Stockholmsm\u00e4ssan. Additionally, Nordbygg supports industry development through niche meeting formats such as <a href=\"https:\/\/www.samhallsbyggararenan.se\/\" target=\"_blank\" rel=\"noopener\">Samh\u00e4llsbyggararenan i Almedalen<\/a>, <a href=\"https:\/\/fastighetsenergi.se\/\" target=\"_blank\" rel=\"noopener\">Fastighetsenergi<\/a> och <a href=\"https:\/\/byggmaterialdagen.se\/\" target=\"_blank\" rel=\"noopener\">Byggmaterialdagen<\/a>. <\/p>\n<p>[\/et_pb_text][\/et_pb_column][et_pb_column type=&#8221;1_3&#8243; _builder_version=&#8221;4.23.4&#8243; _module_preset=&#8221;default&#8221; global_colors_info=&#8221;{}&#8221;][et_pb_image src=&#8221;https:\/\/nordbygg.se\/wp-content\/uploads\/2024\/09\/broen-700&#215;350-1.jpg&#8221; alt=&#8221;about nordbygg &#8211; ventilteknologi&#8221; title_text=&#8221;broen-700&#215;350&#8243; _builder_version=&#8221;4.27.0&#8243; _module_preset=&#8221;default&#8221; global_colors_info=&#8221;{}&#8221;][\/et_pb_image][et_pb_text module_class=&#8221;bold-intro-text&#8221; _builder_version=&#8221;4.27.0&#8243; _module_preset=&#8221;d2de1bb5-7871-475a-a7ce-cf892236863b&#8221; text_font=&#8221;LabGrotesque Bold||||||||&#8221; header_2_font_size=&#8221;32px&#8221; global_colors_info=&#8221;%91%93&#8243;]<\/p>\n<h2>We are Nordbygg<\/h2>\n<p>We collaborate closely with several industry stakeholders, representing both exhibitors and visitors. Nordbygg is co-organized by six industry organizations, making it the Nordic region\u2019s most important construction meeting. We also partner with various leading organizations, actors, and businesses on different projects around Nordbygg.  <\/p>\n<p>[\/et_pb_text][\/et_pb_column][\/et_pb_row][et_pb_row column_structure=&#8221;1_3,1_3,1_3&#8243; _builder_version=&#8221;4.27.0&#8243; _module_preset=&#8221;default&#8221; custom_padding=&#8221;50px||50px||false|false&#8221; global_colors_info=&#8221;{}&#8221;][et_pb_column type=&#8221;1_3&#8243; _builder_version=&#8221;4.27.0&#8243; _module_preset=&#8221;default&#8221; global_colors_info=&#8221;{}&#8221;][et_pb_image src=&#8221;https:\/\/nordbygg.se\/wp-content\/uploads\/2024\/09\/tre-man-talar-1080&#215;540-1.jpg&#8221; alt=&#8221;why visit us &#8211; conversation between three people&#8221; title_text=&#8221;tre-man-talar-1080&#215;540&#8243; _builder_version=&#8221;4.27.0&#8243; _module_preset=&#8221;default&#8221; global_colors_info=&#8221;{}&#8221;][\/et_pb_image][et_pb_text _builder_version=&#8221;4.27.0&#8243; _module_preset=&#8221;default&#8221; header_2_font_size=&#8221;32px&#8221; header_3_font_size=&#8221;23px&#8221; global_colors_info=&#8221;{}&#8221;]<\/p>\n<h2>Co-organizers<\/h2>\n<p> The co-organizers of Nordbygg include Building Material Industries, Swedish Ventilation, HVAC Manufacturers\u2019 Council, Installers\u2019 Companies, Glass Industry Association, and Energy and Environmental Technology Association.[\/et_pb_text][\/et_pb_column][et_pb_column type=&#8221;1_3&#8243; _builder_version=&#8221;4.27.0&#8243; _module_preset=&#8221;default&#8221; global_colors_info=&#8221;{}&#8221;][et_pb_image src=&#8221;https:\/\/nordbygg.se\/wp-content\/uploads\/2024\/09\/folk-samtalar-1080X540A.jpg&#8221; alt=&#8221;overview in the hall&#8221; title_text=&#8221;folk-samtalar-1080X540A&#8221; _builder_version=&#8221;4.27.0&#8243; _module_preset=&#8221;default&#8221; global_colors_info=&#8221;{}&#8221;][\/et_pb_image][et_pb_text _builder_version=&#8221;4.27.0&#8243; _module_preset=&#8221;default&#8221; header_2_font_size=&#8221;32px&#8221; header_3_font_size=&#8221;23px&#8221; global_colors_info=&#8221;{}&#8221;]<\/p>\n<h2>Sustainability<\/h2>\n<p>Learn about the latest sustainability requirements and their impact on the industry. Nordbygg offers a platform to discuss and find solutions to sustainability challenges. <\/p>\n<p>[\/et_pb_text][\/et_pb_column][et_pb_column type=&#8221;1_3&#8243; _builder_version=&#8221;4.27.0&#8243; _module_preset=&#8221;default&#8221; global_colors_info=&#8221;{}&#8221;][et_pb_image src=&#8221;https:\/\/nordbygg.se\/wp-content\/uploads\/2024\/09\/talare-tre-personer-700&#215;350-1.jpg&#8221; alt=&#8221;Become an exhibitor &#8211; speaker&#8221; title_text=&#8221;talare-tre-personer-700&#215;350&#8243; _builder_version=&#8221;4.27.0&#8243; _module_preset=&#8221;default&#8221; global_colors_info=&#8221;{}&#8221;][\/et_pb_image][et_pb_text _builder_version=&#8221;4.27.0&#8243; _module_preset=&#8221;default&#8221; header_2_font_size=&#8221;32px&#8221; header_3_font_size=&#8221;23px&#8221; global_colors_info=&#8221;{}&#8221;]<\/p>\n<h2>Knowledge<\/h2>\n<p>Attend over 300 open lectures and seminars where industry experts share their insights and experiences. [\/et_pb_text][\/et_pb_column][\/et_pb_row][\/et_pb_section][et_pb_section fb_built=&#8221;1&#8243; admin_label=&#8221;Bild 1\/2 + Text 1\/2&#8243; _builder_version=&#8221;4.24.2&#8243; _module_preset=&#8221;90f7fcc8-011e-4540-8598-a12e53a29ab5&#8243; min_height=&#8221;363.1px&#8221; custom_margin=&#8221;84px|||||false&#8221; custom_padding=&#8221;16px||50px||false|false&#8221; custom_padding_phone=&#8221;8px||40px||false|false&#8221; global_colors_info=&#8221;{%22gcid-zqmeyyr1-ozjs-tdol-t9th-kdmdqxufunhr%22:%91%22border_color_right%22,%22border_color_right%22%93}&#8221;][et_pb_row column_structure=&#8221;1_2,1_2&#8243; gutter_width=&#8221;3&#8243; make_equal=&#8221;on&#8221; module_class=&#8221;image-text&#8221; _builder_version=&#8221;4.24.2&#8243; _module_preset=&#8221;default&#8221; custom_margin=&#8221;58px|auto||auto||&#8221; custom_padding=&#8221;0px||||false|false&#8221; global_colors_info=&#8221;{}&#8221;][et_pb_column type=&#8221;1_2&#8243; _builder_version=&#8221;4.23.4&#8243; _module_preset=&#8221;default&#8221; global_colors_info=&#8221;{}&#8221;][et_pb_image src=&#8221;https:\/\/nordbygg.se\/wp-content\/uploads\/2024\/05\/besokare-1080&#215;540-1.jpg&#8221; alt=&#8221;Prior to your visit&#8221; title_text=&#8221;besokare-1080&#215;540&#8243; url=&#8221;@ET-DC@eyJkeW5hbWljIjp0cnVlLCJjb250ZW50IjoicG9zdF9saW5rX3VybF9wYWdlIiwic2V0dGluZ3MiOnsicG9zdF9pZCI6IjMzMTMyOTIifX0=@&#8221; _builder_version=&#8221;4.27.0&#8243; _dynamic_attributes=&#8221;url&#8221; _module_preset=&#8221;default&#8221; global_colors_info=&#8221;{}&#8221;][\/et_pb_image][\/et_pb_column][et_pb_column type=&#8221;1_2&#8243; _builder_version=&#8221;4.23.4&#8243; _module_preset=&#8221;default&#8221; global_colors_info=&#8221;{}&#8221;][et_pb_cta title=&#8221;Prior to your visit&#8221; button_url=&#8221;@ET-DC@eyJkeW5hbWljIjp0cnVlLCJjb250ZW50IjoicG9zdF9saW5rX3VybF9wYWdlIiwic2V0dGluZ3MiOnsicG9zdF9pZCI6IjMzMTMyOTIifX0=@&#8221; button_text=&#8221;Plan here&#8221; _builder_version=&#8221;4.27.0&#8243; _dynamic_attributes=&#8221;button_url&#8221; _module_preset=&#8221;_initial&#8221; button_text_color=&#8221;#FFFFFF&#8221; global_colors_info=&#8221;{%22gcid-m0fraqv3-qztm-9290-df11-7p07yu2mtcg6%22:%91%22header_text_color%22,%22body_text_color%22,%22header_text_color%22,%22body_text_color%22%93,%22gcid-8ctl9olw-qzl0-39sh-h9m4-2r68cuzkve1q%22:%91%22button_border_color%22,%22button_border_color%22,%22button_border_color__hover%22%93,%22gcid-zqmeyyr1-ozjs-tdol-t9th-kdmdqxufunhr%22:%91%22button_border_color%22,%22button_bg_color%22,%22button_border_color%22,%22button_bg_color%22%93,%22gcid-xe7ua1bg-8o1q-uq3m-f8ql-qk12tgltkuk4%22:%91%22button_border_color__hover%22,%22button_bg_color__hover%22,%22button_border_color__hover%22,%22button_bg_color__hover%22,%22button_border_color__hover%22,%22button_bg_color__hover%22%93}&#8221; button_bg_color__hover_enabled=&#8221;on|desktop&#8221; button_bg_color__hover=&#8221;#659c82&#8243;]<\/p>\n<p>Stockholmsm\u00e4ssan is located in \u00c4lvsj\u00f6, just 9 minutes from Stockholm City. Whether you need information on how to get here, on-site restaurants, or parking spaces with charging options, you can find all the answers here. Whatever you want to know prior to your visit, you can find the answer here.<\/p>\n<p>[\/et_pb_cta][\/et_pb_column][\/et_pb_row][\/et_pb_section]<\/p>\n","protected":false},"excerpt":{"rendered":"<p>Deepen your knowledge and achieve successNordbygg is held every even year in April at Stockholmsm\u00e4ssan, attracting around 900 exhibitors and 35,000 visitors. Nordbygg is organized in collaboration with leading associations [&hellip;]<\/p>\n","protected":false},"author":22,"featured_media":3320979,"parent":3312787,"menu_order":0,"comment_status":"closed","ping_status":"closed","template":"","meta":{"_et_pb_use_builder":"on","_et_pb_old_content":"","_et_gb_content_width":"","footnotes":""},"class_list":["post-3323217","page","type-page","status-publish","has-post-thumbnail","hentry"],"_links":{"self":[{"href":"https:\/\/nordbygg.se\/en\/wp-json\/wp\/v2\/pages\/3323217","targetHints":{"allow":["GET"]}}],"collection":[{"href":"https:\/\/nordbygg.se\/en\/wp-json\/wp\/v2\/pages"}],"about":[{"href":"https:\/\/nordbygg.se\/en\/wp-json\/wp\/v2\/types\/page"}],"author":[{"embeddable":true,"href":"https:\/\/nordbygg.se\/en\/wp-json\/wp\/v2\/users\/22"}],"replies":[{"embeddable":true,"href":"https:\/\/nordbygg.se\/en\/wp-json\/wp\/v2\/comments?post=3323217"}],"version-history":[{"count":1,"href":"https:\/\/nordbygg.se\/en\/wp-json\/wp\/v2\/pages\/3323217\/revisions"}],"predecessor-version":[{"id":3326043,"href":"https:\/\/nordbygg.se\/en\/wp-json\/wp\/v2\/pages\/3323217\/revisions\/3326043"}],"up":[{"embeddable":true,"href":"https:\/\/nordbygg.se\/en\/wp-json\/wp\/v2\/pages\/3312787"}],"wp:featuredmedia":[{"embeddable":true,"href":"https:\/\/nordbygg.se\/en\/wp-json\/wp\/v2\/media\/3320979"}],"wp:attachment":[{"href":"https:\/\/nordbygg.se\/en\/wp-json\/wp\/v2\/media?parent=3323217"}],"curies":[{"name":"wp","href":"https:\/\/api.w.org\/{rel}","templated":true}]}}