{"id":3323189,"date":"2024-09-20T09:09:16","date_gmt":"2024-09-20T07:09:16","guid":{"rendered":"https:\/\/dev.nordbygg.se\/for-visitors\/news-archive\/city-of-stockholm\/"},"modified":"2024-10-12T13:25:15","modified_gmt":"2024-10-12T11:25:15","slug":"city-of-stockholm","status":"publish","type":"page","link":"https:\/\/nordbygg.se\/en\/for-visitors\/news-archive\/city-of-stockholm\/","title":{"rendered":"City of Stockholm"},"content":{"rendered":"<p>[et_pb_section fb_built=&#8221;1&#8243; _builder_version=&#8221;4.27.0&#8243; _module_preset=&#8221;dcffbe7c-d829-4b92-9e28-730b66b1c6df&#8221; background_color=&#8221;#61A0A8&#8243; use_background_color_gradient=&#8221;on&#8221; background_color_gradient_direction=&#8221;197deg&#8221; background_color_gradient_stops=&#8221;rgba(0,0,0,0) 55%|rgba(0,0,0,0.9) 100%&#8221; background_color_gradient_overlays_image=&#8221;on&#8221; background_image=&#8221;https:\/\/nordbygg.se\/wp-content\/uploads\/2024\/09\/karin-wanngard-1920x1280A.jpg&#8221; background_position=&#8221;top_center&#8221; background_vertical_offset=&#8221;19%&#8221; global_colors_info=&#8221;{}&#8221;][et_pb_row _builder_version=&#8221;4.27.0&#8243; _module_preset=&#8221;b47dc7b0-0c21-48f4-9be5-365125495c37&#8243; background_position=&#8221;top_center&#8221; background_vertical_offset=&#8221;13%&#8221; border_radii=&#8221;on|20px|20px|20px|20px&#8221; locked=&#8221;off&#8221; global_colors_info=&#8221;{}&#8221;][et_pb_column type=&#8221;4_4&#8243; _builder_version=&#8221;4.24.0&#8243; _module_preset=&#8221;default&#8221; global_colors_info=&#8221;{}&#8221;][et_pb_cta title=&#8221;The City of Stockholm wants to attract the construction industry \u2013 and marks its presence at Nordbygg&#8221; button_url=&#8221;#&#8221; _builder_version=&#8221;4.27.0&#8243; _module_preset=&#8221;0d7ddc9b-5fad-41ce-bbc3-1fa8c8b01c36&#8243; header_font_size=&#8221;41px&#8221; custom_padding=&#8221;|||33px||&#8221; global_colors_info=&#8221;{%22gcid-m0fraqv3-qztm-9290-df11-7p07yu2mtcg6%22:%91%22header_text_color%22,%22button_bg_color%22,%22button_border_color%22,%22button_text_color%22,%22header_text_color%22,%22button_bg_color%22,%22button_border_color%22,%22button_text_color%22,%22header_text_color%22,%22button_bg_color%22,%22button_border_color%22,%22button_text_color%22,%22header_text_color%22,%22button_bg_color%22,%22button_border_color%22,%22button_text_color%22,%22header_text_color%22,%22button_bg_color%22,%22button_text_color%22,%22header_text_color%22,%22button_bg_color%22,%22button_text_color%22,%22header_text_color%22,%22button_bg_color%22,%22button_text_color%22,%22header_text_color%22,%22button_bg_color%22,%22button_text_color%22,%22header_text_color%22,%22button_bg_color%22,%22button_text_color%22,%22header_text_color%22,%22button_bg_color%22,%22button_text_color%22,%22button_bg_color%22,%22button_text_color%22%93,%22gcid-8ctl9olw-qzl0-39sh-h9m4-2r68cuzkve1q%22:%91%22button_bg_color%22,%22button_border_color%22,%22button_bg_color%22,%22button_border_color%22,%22button_bg_color%22,%22button_border_color%22,%22button_bg_color%22,%22button_border_color%22%93,%22gcid-zqmeyyr1-ozjs-tdol-t9th-kdmdqxufunhr%22:%91%22button_border_color%22,%22button_bg_color%22,%22button_border_color%22,%22button_bg_color%22,%22button_border_color%22,%22button_bg_color%22,%22button_border_color%22,%22button_bg_color%22,%22button_bg_color%22%93,%22gcid-xe7ua1bg-8o1q-uq3m-f8ql-qk12tgltkuk4%22:%91%22button_border_color__hover%22,%22button_bg_color__hover%22%93}&#8221;][\/et_pb_cta][\/et_pb_column][\/et_pb_row][\/et_pb_section][et_pb_section fb_built=&#8221;1&#8243; admin_label=&#8221;Text 50\/50&#8243; _builder_version=&#8221;4.24.2&#8243; _module_preset=&#8221;34b06a86-dc81-4983-919e-0fd7f286eb1b&#8221; custom_padding=&#8221;50px||11px||false|false&#8221; global_colors_info=&#8221;{%22gcid-67960481-d850-44e0-9c4e-fd5d556aad1e%22:%91%22background_color%22%93}&#8221;][et_pb_row column_structure=&#8221;1_2,1_2&#8243; custom_padding_last_edited=&#8221;on|phone&#8221; _builder_version=&#8221;4.24.2&#8243; _module_preset=&#8221;default&#8221; custom_margin=&#8221;||||false|false&#8221; custom_padding_tablet=&#8221;20px||||false|false&#8221; custom_padding_phone=&#8221;20px||||false|false&#8221; locked=&#8221;off&#8221;][et_pb_column type=&#8221;1_2&#8243; _builder_version=&#8221;4.23.4&#8243; _module_preset=&#8221;default&#8221; global_colors_info=&#8221;{}&#8221;][et_pb_text _builder_version=&#8221;4.27.0&#8243; _module_preset=&#8221;default&#8221; header_2_font_size=&#8221;26px&#8221; custom_margin=&#8221;||0px||false|false&#8221; custom_margin_tablet=&#8221;||0px||false|false&#8221; custom_margin_phone=&#8221;||0px||false|false&#8221; custom_margin_last_edited=&#8221;on|desktop&#8221; global_colors_info=&#8221;{}&#8221;]<\/p>\n<p><strong>The City of Stockholm strengthens its ties to the construction industry by marking its presence at Nordbygg, which is Northern Europe\u2019s most important gathering event for the construction and real estate sectors and takes place April 23rd-26th 2024 at Stockholmsm\u00e4ssan.<\/strong><\/p>\n<p>[\/et_pb_text][et_pb_divider _builder_version=&#8221;4.24.2&#8243; _module_preset=&#8221;default&#8221; global_colors_info=&#8221;{}&#8221;][\/et_pb_divider][\/et_pb_column][et_pb_column type=&#8221;1_2&#8243; _builder_version=&#8221;4.27.0&#8243; _module_preset=&#8221;default&#8221; global_colors_info=&#8221;{}&#8221;][\/et_pb_column][\/et_pb_row][\/et_pb_section][et_pb_section fb_built=&#8221;1&#8243; admin_label=&#8221;Text 50\/50&#8243; _builder_version=&#8221;4.24.2&#8243; _module_preset=&#8221;34b06a86-dc81-4983-919e-0fd7f286eb1b&#8221; background_color=&#8221;RGBA(255,255,255,0)&#8221; custom_margin=&#8221;33px|||||&#8221; custom_padding=&#8221;2px||15px||false|false&#8221; global_colors_info=&#8221;{}&#8221;][et_pb_row _builder_version=&#8221;4.24.3&#8243; _module_preset=&#8221;default&#8221; min_height=&#8221;617.4px&#8221; custom_margin=&#8221;30px|auto||auto||&#8221; custom_padding=&#8221;9px||||false|false&#8221; global_colors_info=&#8221;{}&#8221;][et_pb_column type=&#8221;4_4&#8243; _builder_version=&#8221;4.24.3&#8243; _module_preset=&#8221;default&#8221; global_colors_info=&#8221;{}&#8221;][et_pb_text _builder_version=&#8221;4.27.0&#8243; _module_preset=&#8221;default&#8221; max_width=&#8221;1044px&#8221; custom_padding=&#8221;0px||0px|||&#8221; global_colors_info=&#8221;{}&#8221;]<\/p>\n<p><em>March 20, 2024<\/em><\/p>\n<p>The city will not only be represented through its companies and administrative departments at a common stand; it will also participate in the stage program. Karin Wanng\u00e5rd, Mayor of Stockholm, will for instance speak at the opening.<\/p>\n<p>A recent study has shown that investments in the construction industry within the larger capital area will amount to 115 billion euros by 2040. International efforts will be solicited to keep up with the building pace; the City of Stockholm will for example need an additional 30-40 000 construction workers. To attract and ameliorate ties to the construction industry, the City of Stockholm has chosen to invest largely in Nordbygg, both as an exhibitor and a co-organizer of the stage program.  <\/p>\n<p>\u2013 The last twenty years have witnessed more building work than ever before, with over 100 000 new homes and an additional 70 000 that will be built during the coming decade. For this to be successful, especially during tough financial times and considering the worsening climate crisis, it is important to have a dialog and exchange with the construction industry. That is why it is crucial for us to participate in Nordbygg, says the Mayor of Stockholm, Karin Wanng\u00e5rd, who will also speak at the opening on Tuesday April 23rd.  <\/p>\n<h3>Together for a sustainable Stockholm<\/h3>\n<p>Under the slogan \u201cTogether for a sustainable Stockholm\u201d, representatives from the City of Stockholm will be present at their stand close to the entrance of Stockholmsm\u00e4ssan. Visitors will be able to meet several of the city\u2019s departments and companies: the Stockholm city development department, the environment and health agency, the real estate department, Svenska Bost\u00e4der, Familjebost\u00e4der, Stockholmshem, SISAB and Stockholm Business Region (SBR). There will be panel discussions about the city\u2019s cooperation with the industry within BEAST, electrification entrepreneurs and a procurement model for strategic coordination. There will also be opportunities to discuss everything from how to do business with the City of Stockholm and how procurement works, to finding out more about Stockholmshusen.    <\/p>\n<p>Oscar Lavelid, city development strategist for the City of Stockholm, considers there to be several reasons for strengthening the ties to the construction industry:<\/p>\n<p>\u2013 Nordbygg is a wonderful place to meet different stakeholders from the construction industry. With thousands of visitors from all over the world, we have a unique opportunity to act together with the industry to meet the massive challenges that stand before us. We are going to create new contacts and give visibility to Stockholm\u2019s commitment to strive sustainable development forward.   <\/p>\n<h3>Additional highlights with a focus on the area of Stockholm at Nordbygg<\/h3>\n<p>\u2013 On the Nordbygg Live stage on April 24th at 15hrs, Christina Salmhofer, sustainability strategist at the city development department in Stockholm, presents practical experiences of climate adaptations during construction work in Norra Djurg\u00e5rdsstaden. She takes the stage with Ther\u00e9se Sj\u00f6berg, a climate adaptation investigator at the Swedish meteorological and hydrological institute (SMHI) who will introduce the session with an overall perspective of climate adaptation in planning and construction.  <\/p>\n<p>\u2013 On Tuesday April 23rd at 13-15hrs on the Nordbygg Talks stage, Stockholm Business Region runs a specific program in English. Amongst the speakers of the international program, we find Staffan Ingvarsson, CEO of Stockholmsm\u00e4ssan, previous CEO of Stockholm Business Region, as well as international guests such as Jan Styli\u0144ski, CEO of the Polish Association of Construction Industry Employers. Visitors will find out how international stakeholders can contribute to construction and how the pace can be accelerated considering the construction industry\u2019s financial situation. Swedish regulations and business culture will also be discussed, as well as initiatives launched within contech, AI in real estate management and prefab.    <\/p>\n<p>\u2013 On Thursday April 25th, 13-13:20hrs at the Nordbygg Live stage, we present \u201dSlussen \u2013 challenges of a complex project in the middle of the city\u201d. Construction project manager from the City of Stockholm, Mathias Blomqvist, talks about his experiences of building in the middle of the city.   <\/p>\n<p>[\/et_pb_text][\/et_pb_column][\/et_pb_row][\/et_pb_section][et_pb_section fb_built=&#8221;1&#8243; _builder_version=&#8221;4.27.0&#8243; _module_preset=&#8221;default&#8221; custom_padding=&#8221;14px||50px||false|false&#8221; global_colors_info=&#8221;{}&#8221;][et_pb_row _builder_version=&#8221;4.27.0&#8243; _module_preset=&#8221;default&#8221; custom_margin=&#8221;-9px|auto||auto||&#8221;][et_pb_column type=&#8221;4_4&#8243; _builder_version=&#8221;4.27.0&#8243; _module_preset=&#8221;default&#8221; global_colors_info=&#8221;{}&#8221;][et_pb_video src=&#8221;https:\/\/youtu.be\/et16vzuJOk0?list=PLuULlDHZJQga9irhRLwtDtlA51x4O77rX&#8221; _builder_version=&#8221;4.27.0&#8243; _module_preset=&#8221;default&#8221; width=&#8221;62%&#8221; global_colors_info=&#8221;{}&#8221;][\/et_pb_video][\/et_pb_column][\/et_pb_row][\/et_pb_section][et_pb_section fb_built=&#8221;1&#8243; admin_label=&#8221;Bild 1\/2 + Text 1\/2&#8243; _builder_version=&#8221;4.24.2&#8243; _module_preset=&#8221;90f7fcc8-011e-4540-8598-a12e53a29ab5&#8243; custom_padding=&#8221;23px||16px||false|false&#8221; global_colors_info=&#8221;{%22gcid-zqmeyyr1-ozjs-tdol-t9th-kdmdqxufunhr%22:%91%22border_color_right%22,%22border_color_right%22%93}&#8221; theme_builder_area=&#8221;post_content&#8221;][et_pb_row column_structure=&#8221;1_2,1_2&#8243; _builder_version=&#8221;4.24.2&#8243; _module_preset=&#8221;f9b766ed-ceef-4cd8-958d-5caeab6123e6&#8243; global_colors_info=&#8221;{}&#8221; theme_builder_area=&#8221;post_content&#8221;][et_pb_column type=&#8221;1_2&#8243; _builder_version=&#8221;4.24.2&#8243; _module_preset=&#8221;default&#8221; link_option_url=&#8221;#&#8221; global_colors_info=&#8221;{}&#8221; theme_builder_area=&#8221;post_content&#8221;][et_pb_image src=&#8221;https:\/\/nordbygg.se\/wp-content\/uploads\/2024\/08\/badrum-1080&#215;540-1.jpg&#8221; alt=&#8221;current &#8211; bathrooms&#8221; title_text=&#8221;bathroom-1080&#215;540&#8243; url=&#8221;@ET-DC@eyJkeW5hbWljIjp0cnVlLCJjb250ZW50IjoicG9zdF9saW5rX3VybF9wYWdlIiwic2V0dGluZ3MiOnsicG9zdF9pZCI6IjMzMTkwMjUifX0=@&#8221; force_fullwidth=&#8221;on&#8221; module_class=&#8221;puff-image&#8221; _builder_version=&#8221;4.27.0&#8243; _dynamic_attributes=&#8221;url&#8221; _module_preset=&#8221;default&#8221; global_colors_info=&#8221;{}&#8221; theme_builder_area=&#8221;post_content&#8221;][\/et_pb_image][et_pb_cta title=&#8221;News archive&#8221; button_url=&#8221;@ET-DC@eyJkeW5hbWljIjp0cnVlLCJjb250ZW50IjoicG9zdF9saW5rX3VybF9wYWdlIiwic2V0dGluZ3MiOnsicG9zdF9pZCI6IjMzMTkwMjUifX0=@&#8221; button_text=&#8221;Retrospective&#8221; _builder_version=&#8221;4.27.0&#8243; _dynamic_attributes=&#8221;button_url&#8221; _module_preset=&#8221;e522eb66-87c3-4648-89dc-84da811024a7&#8243; global_colors_info=&#8221;{%22gcid-zqmeyyr1-ozjs-tdol-t9th-kdmdqxufunhr%22:%91%22button_bg_color%22,%22button_border_color%22,%22button_bg_color%22,%22button_border_color%22,%22button_bg_color%22,%22button_border_color%22,%22button_bg_color%22,%22button_border_color%22,%22button_border_color%22%93,%22gcid-8ctl9olw-qzl0-39sh-h9m4-2r68cuzkve1q%22:%91%22button_bg_color%22,%22button_bg_color%22,%22button_bg_color%22,%22button_bg_color%22%93,%22gcid-xe7ua1bg-8o1q-uq3m-f8ql-qk12tgltkuk4%22:%91%22button_bg_color__hover%22%93,%22gcid-b1vezamf-03sf-crky-v342-jj7uc24ewnda%22:%91%22button_text_color%22%93,%22gcid-m0fraqv3-qztm-9290-df11-7p07yu2mtcg6%22:%91%22button_text_color__hover%22%93}&#8221; theme_builder_area=&#8221;post_content&#8221;]<\/p>\n<p>Explore our extensive news archive and find inspiring articles and reports from Nordbygg 2024.<\/p>\n<p>[\/et_pb_cta][\/et_pb_column][et_pb_column type=&#8221;1_2&#8243; _builder_version=&#8221;4.24.2&#8243; _module_preset=&#8221;default&#8221; link_option_url=&#8221;#&#8221; global_colors_info=&#8221;{}&#8221; theme_builder_area=&#8221;post_content&#8221;][et_pb_image src=&#8221;https:\/\/nordbygg.se\/wp-content\/uploads\/2024\/08\/nordbygg-live-tre-personer-1080&#215;540-1.jpg&#8221; alt=&#8221;nordbygg live &#8211; speakers on stage&#8221; title_text=&#8221;nordbygg-live-tre-personer-1080&#215;540&#8243; url=&#8221;https:\/\/www.youtube.com\/watch?v=9QEomufoiC0&amp;list=PLuULlDHZJQgYQqWTIHcAXDpsukDwFD66T&#8221; url_new_window=&#8221;on&#8221; force_fullwidth=&#8221;on&#8221; module_class=&#8221;puff-image&#8221; _builder_version=&#8221;4.27.0&#8243; _module_preset=&#8221;default&#8221; global_colors_info=&#8221;{}&#8221; theme_builder_area=&#8221;post_content&#8221;][\/et_pb_image][et_pb_cta title=&#8221;Nordbygg Live&#8221; button_url=&#8221;https:\/\/www.youtube.com\/watch?v=9QEomufoiC0&amp;list=PLuULlDHZJQgYQqWTIHcAXDpsukDwFD66T&#8221; url_new_window=&#8221;on&#8221; button_text=&#8221;Watch the seminars now&#8221; _builder_version=&#8221;4.27.0&#8243; _module_preset=&#8221;e522eb66-87c3-4648-89dc-84da811024a7&#8243; global_colors_info=&#8221;{%22gcid-zqmeyyr1-ozjs-tdol-t9th-kdmdqxufunhr%22:%91%22button_bg_color%22,%22button_border_color%22,%22button_bg_color%22,%22button_border_color%22,%22button_bg_color%22,%22button_border_color%22,%22button_bg_color%22,%22button_border_color%22,%22button_border_color%22%93,%22gcid-8ctl9olw-qzl0-39sh-h9m4-2r68cuzkve1q%22:%91%22button_bg_color%22,%22button_bg_color%22,%22button_bg_color%22,%22button_bg_color%22%93,%22gcid-xe7ua1bg-8o1q-uq3m-f8ql-qk12tgltkuk4%22:%91%22button_bg_color__hover%22%93,%22gcid-b1vezamf-03sf-crky-v342-jj7uc24ewnda%22:%91%22button_text_color%22%93,%22gcid-m0fraqv3-qztm-9290-df11-7p07yu2mtcg6%22:%91%22button_text_color__hover%22%93}&#8221; theme_builder_area=&#8221;post_content&#8221;]<\/p>\n<p>Watch all the seminars from our main stage on our YouTube channel. Click here to access the recorded seminars and catch up on everything you missed! <\/p>\n<p>[\/et_pb_cta][\/et_pb_column][\/et_pb_row][\/et_pb_section]<\/p>\n","protected":false},"excerpt":{"rendered":"<p>The City of Stockholm strengthens its ties to the construction industry by marking its presence at Nordbygg, which is Northern Europe\u2019s most important gathering event for the construction and real [&hellip;]<\/p>\n","protected":false},"author":22,"featured_media":3321729,"parent":3322996,"menu_order":0,"comment_status":"closed","ping_status":"closed","template":"","meta":{"_et_pb_use_builder":"on","_et_pb_old_content":"","_et_gb_content_width":"","footnotes":""},"class_list":["post-3323189","page","type-page","status-publish","has-post-thumbnail","hentry"],"_links":{"self":[{"href":"https:\/\/nordbygg.se\/en\/wp-json\/wp\/v2\/pages\/3323189","targetHints":{"allow":["GET"]}}],"collection":[{"href":"https:\/\/nordbygg.se\/en\/wp-json\/wp\/v2\/pages"}],"about":[{"href":"https:\/\/nordbygg.se\/en\/wp-json\/wp\/v2\/types\/page"}],"author":[{"embeddable":true,"href":"https:\/\/nordbygg.se\/en\/wp-json\/wp\/v2\/users\/22"}],"replies":[{"embeddable":true,"href":"https:\/\/nordbygg.se\/en\/wp-json\/wp\/v2\/comments?post=3323189"}],"version-history":[{"count":0,"href":"https:\/\/nordbygg.se\/en\/wp-json\/wp\/v2\/pages\/3323189\/revisions"}],"up":[{"embeddable":true,"href":"https:\/\/nordbygg.se\/en\/wp-json\/wp\/v2\/pages\/3322996"}],"wp:featuredmedia":[{"embeddable":true,"href":"https:\/\/nordbygg.se\/en\/wp-json\/wp\/v2\/media\/3321729"}],"wp:attachment":[{"href":"https:\/\/nordbygg.se\/en\/wp-json\/wp\/v2\/media?parent=3323189"}],"curies":[{"name":"wp","href":"https:\/\/api.w.org\/{rel}","templated":true}]}}