{"id":3322993,"date":"2024-09-19T18:37:46","date_gmt":"2024-09-19T16:37:46","guid":{"rendered":"https:\/\/dev.nordbygg.se\/for-visitors\/latest-news\/lots-of-news\/"},"modified":"2024-10-03T14:57:12","modified_gmt":"2024-10-03T12:57:12","slug":"lots-of-news","status":"publish","type":"page","link":"https:\/\/nordbygg.se\/en\/for-visitors\/latest-news\/lots-of-news\/","title":{"rendered":"Lots of news"},"content":{"rendered":"<p>[et_pb_section fb_built=&#8221;1&#8243; _builder_version=&#8221;4.27.0&#8243; _module_preset=&#8221;dcffbe7c-d829-4b92-9e28-730b66b1c6df&#8221; background_enable_color=&#8221;off&#8221; use_background_color_gradient=&#8221;on&#8221; background_color_gradient_direction=&#8221;185deg&#8221; background_color_gradient_stops=&#8221;rgba(0,0,0,0) 26%|rgba(0,0,0,0.9) 100%&#8221; background_color_gradient_overlays_image=&#8221;on&#8221; background_image=&#8221;https:\/\/nordbygg.se\/wp-content\/uploads\/2024\/09\/sakerhet-1920&#215;1280-2.jpg&#8221; background_position=&#8221;top_center&#8221; background_vertical_offset=&#8221;50%&#8221; background_last_edited=&#8221;on|desktop&#8221; parallax_tablet=&#8221;off&#8221; global_colors_info=&#8221;{}&#8221;][et_pb_row _builder_version=&#8221;4.24.2&#8243; _module_preset=&#8221;b47dc7b0-0c21-48f4-9be5-365125495c37&#8243; locked=&#8221;off&#8221; global_colors_info=&#8221;{}&#8221;][et_pb_column type=&#8221;4_4&#8243; _builder_version=&#8221;4.24.0&#8243; _module_preset=&#8221;default&#8221; global_colors_info=&#8221;{}&#8221;][et_pb_cta title=&#8221;Many innovations and great engagement&#8221; _builder_version=&#8221;4.27.0&#8243; _module_preset=&#8221;0d7ddc9b-5fad-41ce-bbc3-1fa8c8b01c36&#8243; header_font_size=&#8221;55px&#8221; width=&#8221;100%&#8221; custom_margin=&#8221;-46px|-99px||||&#8221; custom_padding=&#8221;|21px|0px|||&#8221; global_colors_info=&#8221;{%22gcid-m0fraqv3-qztm-9290-df11-7p07yu2mtcg6%22:%91%22header_text_color%22,%22button_bg_color%22,%22button_border_color%22,%22button_text_color%22,%22header_text_color%22,%22button_bg_color%22,%22button_border_color%22,%22button_text_color%22,%22header_text_color%22,%22button_bg_color%22,%22button_border_color%22,%22button_text_color%22,%22header_text_color%22,%22button_bg_color%22,%22button_border_color%22,%22button_text_color%22,%22header_text_color%22,%22button_bg_color%22,%22button_text_color%22,%22header_text_color%22,%22button_bg_color%22,%22button_text_color%22,%22header_text_color%22,%22button_bg_color%22,%22button_text_color%22,%22header_text_color%22,%22button_bg_color%22,%22button_text_color%22,%22header_text_color%22,%22button_bg_color%22,%22button_text_color%22,%22header_text_color%22,%22button_bg_color%22,%22button_text_color%22,%22button_bg_color%22,%22button_text_color%22%93,%22gcid-8ctl9olw-qzl0-39sh-h9m4-2r68cuzkve1q%22:%91%22button_bg_color%22,%22button_border_color%22,%22button_bg_color%22,%22button_border_color%22,%22button_bg_color%22,%22button_border_color%22,%22button_bg_color%22,%22button_border_color%22%93,%22gcid-zqmeyyr1-ozjs-tdol-t9th-kdmdqxufunhr%22:%91%22button_border_color%22,%22button_bg_color%22,%22button_border_color%22,%22button_bg_color%22,%22button_border_color%22,%22button_bg_color%22,%22button_border_color%22,%22button_bg_color%22,%22button_bg_color%22%93,%22gcid-xe7ua1bg-8o1q-uq3m-f8ql-qk12tgltkuk4%22:%91%22button_border_color__hover%22,%22button_bg_color__hover%22%93}&#8221;][\/et_pb_cta][\/et_pb_column][\/et_pb_row][\/et_pb_section][et_pb_section fb_built=&#8221;1&#8243; _builder_version=&#8221;4.27.0&#8243; _module_preset=&#8221;default&#8221; background_color=&#8221;#82B4BA&#8221; custom_margin=&#8221;||-68px|||false&#8221; custom_padding=&#8221;50px||0px||false|false&#8221; global_colors_info=&#8221;{%22gcid-zqmeyyr1-ozjs-tdol-t9th-kdmdqxufunhr%22:%91%22border_color_right%22,%22border_color_right%22,%22border_color_right%22,%22border_color_right%22,%22border_color_right%22,%22border_color_right%22%93}&#8221;][et_pb_row column_structure=&#8221;1_2,1_2&#8243; gutter_width=&#8221;3&#8243; custom_padding_last_edited=&#8221;on|tablet&#8221; module_class=&#8221;text-text-row&#8221; _builder_version=&#8221;4.24.2&#8243; _module_preset=&#8221;default&#8221; custom_padding=&#8221;0px||||false|false&#8221; custom_padding_tablet=&#8221;||0px||false|false&#8221; custom_padding_phone=&#8221;||0px||false|false&#8221; locked=&#8221;off&#8221; global_colors_info=&#8221;{}&#8221;][et_pb_column type=&#8221;1_2&#8243; admin_label=&#8221;Column&#8221; _builder_version=&#8221;4.24.2&#8243; _module_preset=&#8221;default&#8221; global_colors_info=&#8221;{}&#8221;][et_pb_text admin_label=&#8221;Text&#8221; _builder_version=&#8221;4.27.0&#8243; _module_preset=&#8221;default&#8221; header_font_size=&#8221;50px&#8221; header_2_font_size=&#8221;31px&#8221; max_width=&#8221;1144px&#8221; global_colors_info=&#8221;{}&#8221;]<\/p>\n<p><strong>In April 2024, Northern Europe\u2019s biggest trade fair for professionals in construction and real estate industry, took place at Stockholmsm\u00e4ssan in \u00c4vsj\u00f6, Sweden.<\/strong><\/p>\n<p>[\/et_pb_text][et_pb_divider _builder_version=&#8221;4.24.2&#8243; _module_preset=&#8221;default&#8221; global_colors_info=&#8221;{}&#8221;][\/et_pb_divider][\/et_pb_column][et_pb_column type=&#8221;1_2&#8243; _builder_version=&#8221;4.24.0&#8243; _module_preset=&#8221;default&#8221; global_colors_info=&#8221;{}&#8221;][\/et_pb_column][\/et_pb_row][\/et_pb_section][et_pb_section fb_built=&#8221;1&#8243; admin_label=&#8221;Text 50\/50&#8243; _builder_version=&#8221;4.24.2&#8243; _module_preset=&#8221;34b06a86-dc81-4983-919e-0fd7f286eb1b&#8221; background_color=&#8221;RGBA(255,255,255,0)&#8221; global_colors_info=&#8221;{}&#8221;][et_pb_row _builder_version=&#8221;4.24.3&#8243; _module_preset=&#8221;default&#8221; custom_padding=&#8221;32px||||false|false&#8221; global_colors_info=&#8221;{}&#8221;][et_pb_column type=&#8221;4_4&#8243; _builder_version=&#8221;4.24.3&#8243; _module_preset=&#8221;default&#8221; global_colors_info=&#8221;{}&#8221;][et_pb_text _builder_version=&#8221;4.27.0&#8243; _module_preset=&#8221;default&#8221; header_2_font_size=&#8221;28px&#8221; max_width=&#8221;1044px&#8221; custom_padding=&#8221;||0px|||&#8221; global_colors_info=&#8221;{}&#8221;]<\/p>\n<p><em>April 30, 2024<\/em><\/p>\n<p>35,000 visitors attended which, combined with the 5,000 people on the stands, gives a total of 40,000 participants. New features for Nordbygg 2024 included the strong involvement of the City of Stockholm and a popular online app.  <\/p>\n<p>35,000 people visited Nordbygg 2024 over the four days of the fair.<\/p>\n<p>\u2013 We are extremely pleased to have seen so many people attending Nordbygg, in the middle of the worst construction crisis in decades,\u201d comments Lina Hann, Project Manager for Nordbygg:<\/p>\n<p>\u2013 And alongside the visitor figures, there were also around 5,000 people on the stands. It is worth bearing in mind that they were representing over 900 companies and numerous organisations, with many deals being struck between the exhibitors at this fair exclusively for industry professionals. <\/p>\n<h3>Many innovations<\/h3>\n<p>Nordbygg 2024 offered a wide range of new features. For many years now, the urban planning sector has seen a growing commitment to sustainability, as clearly reflected in the on-stage programme, what the exhibitors were offering and the event itself.<br \/>New for this year was Solarstadge, a dedicated area for everyone involved in solar energy. Proptech Sweden, a lounge space that brought together companies offering digital tools in the real estate sector, is another example.<br \/>The increased focus on international visitors and journalists, with an extended programme of on-stage events in English, was also much appreciated. A further high point was the new meeting concept Nordbygg by Night, which gave exhibitors and visitors an opportunity to network in a more casual setting     <\/p>\n<h3>Stage structure reused<\/h3>\n<p>Stockholmsm\u00e4ssan\u2019s owner, the City of Stockholm, was a leading presence at the fair, not least through its large stand in the foyer and its on-stage talks.<\/p>\n<p>\u2013 It is so great to be able to report that the spectacular Nordbygg Talks stage, which won the New Perspective on Wood architectural award, is going to have a new lease of life with the City of Stockholm,\u201d says Lina.<\/p>\n<p>She also mentions Nordbygg\u2019s new networking app, which was launched just before the event and was actively used by around 5,000 people each day. The app certainly raised the quality of the interactions and gave both exhibitors and visitors even greater opportunities to make new contacts at the fair. <\/p>\n<h3>Positive feedback<\/h3>\n<p>One of the stands usually full to bursting, despite its considerable size of 145 sqm, was Hydro Building Systems (Sapa), which develops and sells construction systems in aluminium.<\/p>\n<p>\u2013 We wanted to create a place that people would enjoy being in, while also prioritising sustainability and innovation. Nordbygg is a fantastic opportunity to bring together customers and our staff from different countries. This year, we really focused on taking our week at Nordbygg to the next level, and it was a great success. At this fair we unveiled a new sustainable facade that has attracted the attention of both visitors and people in the industry\u201d, says Hanna Bouveng, Communication Manager Hydro Building Systems Nordic+.  <\/p>\n<h3>Busy with rebookings<\/h3>\n<p>Nordbygg 2026 will be held on 21\u201324 April at Stockholmsm\u00e4ssan in \u00c4lvsj\u00f6. As usual, rebooking began before the week was even over. <\/p>\n<p>\u2013 The majority of our exhibitors book themselves in during the early bird period up until the summer of the current year. So we are already looking forward to getting together again at Stockholmsm\u00e4ssan in April 2026,\u201d concludes Lina Hann. <\/p>\n<p>[\/et_pb_text][\/et_pb_column][\/et_pb_row][\/et_pb_section][et_pb_section fb_built=&#8221;1&#8243; admin_label=&#8221;Bild 1\/2 + Text 1\/2&#8243; _builder_version=&#8221;4.24.2&#8243; _module_preset=&#8221;90f7fcc8-011e-4540-8598-a12e53a29ab5&#8243; custom_padding=&#8221;23px||16px||false|false&#8221; global_colors_info=&#8221;{%22gcid-zqmeyyr1-ozjs-tdol-t9th-kdmdqxufunhr%22:%91%22border_color_right%22,%22border_color_right%22%93}&#8221;][et_pb_row column_structure=&#8221;1_2,1_2&#8243; _builder_version=&#8221;4.24.2&#8243; _module_preset=&#8221;f9b766ed-ceef-4cd8-958d-5caeab6123e6&#8243; global_colors_info=&#8221;{}&#8221;][et_pb_column type=&#8221;1_2&#8243; _builder_version=&#8221;4.24.2&#8243; _module_preset=&#8221;default&#8221; link_option_url=&#8221;#&#8221; global_colors_info=&#8221;{}&#8221;][et_pb_cta title=&#8221;Nordbygg Live&#8221; button_url=&#8221;https:\/\/www.youtube.com\/watch?v=9QEomufoiC0list=PLuULlDHZJQgYQqWTIHcAXDpsukDwFD66T&#8221; url_new_window=&#8221;on&#8221; button_text=&#8221;Watch the seminars now&#8221; _builder_version=&#8221;4.27.0&#8243; _module_preset=&#8221;e522eb66-87c3-4648-89dc-84da811024a7&#8243; global_colors_info=&#8221;{%22gcid-zqmeyyr1-ozjs-tdol-t9th-kdmdqxufunhr%22:%91%22button_bg_color%22,%22button_border_color%22,%22button_bg_color%22,%22button_border_color%22,%22button_bg_color%22,%22button_border_color%22,%22button_bg_color%22,%22button_border_color%22,%22button_border_color%22%93,%22gcid-8ctl9olw-qzl0-39sh-h9m4-2r68cuzkve1q%22:%91%22button_bg_color%22,%22button_bg_color%22,%22button_bg_color%22,%22button_bg_color%22%93,%22gcid-xe7ua1bg-8o1q-uq3m-f8ql-qk12tgltkuk4%22:%91%22button_bg_color__hover%22%93,%22gcid-b1vezamf-03sf-crky-v342-jj7uc24ewnda%22:%91%22button_text_color%22%93,%22gcid-m0fraqv3-qztm-9290-df11-7p07yu2mtcg6%22:%91%22button_text_color__hover%22%93}&#8221;]<\/p>\n<p>Watch all the seminars from our main stage on our YouTube channel. Click here to access the recorded seminars and catch up on everything you missed! <\/p>\n<p>[\/et_pb_cta][\/et_pb_column][et_pb_column type=&#8221;1_2&#8243; _builder_version=&#8221;4.24.2&#8243; _module_preset=&#8221;default&#8221; link_option_url=&#8221;#&#8221; global_colors_info=&#8221;{}&#8221;][et_pb_image src=&#8221;https:\/\/nordbygg.se\/wp-content\/uploads\/2024\/08\/nordbygg-live-tre-personer-1080&#215;540-1.jpg&#8221; alt=&#8221;nordbygg live &#8211; speakers on stage&#8221; title_text=&#8221;nordbygg-live-tre-personer-1080&#215;540&#8243; url=&#8221;https:\/\/www.youtube.com\/watch?v=9QEomufoiC0list=PLuULlDHZJQgYQqWTIHcAXDpsukDwFD66T&#8221; url_new_window=&#8221;on&#8221; force_fullwidth=&#8221;on&#8221; module_class=&#8221;puff-image&#8221; _builder_version=&#8221;4.27.0&#8243; _module_preset=&#8221;default&#8221; global_colors_info=&#8221;{}&#8221;][\/et_pb_image][\/et_pb_column][\/et_pb_row][\/et_pb_section]<\/p>\n","protected":false},"excerpt":{"rendered":"<p>In April 2024, Northern Europe\u2019s biggest trade fair for professionals in construction and real estate industry, took place at Stockholmsm\u00e4ssan in \u00c4vsj\u00f6, Sweden.April 30, 2024 35,000 visitors attended which, combined [&hellip;]<\/p>\n","protected":false},"author":22,"featured_media":3321659,"parent":3322987,"menu_order":0,"comment_status":"closed","ping_status":"closed","template":"","meta":{"_et_pb_use_builder":"on","_et_pb_old_content":"","_et_gb_content_width":"","footnotes":""},"class_list":["post-3322993","page","type-page","status-publish","has-post-thumbnail","hentry"],"_links":{"self":[{"href":"https:\/\/nordbygg.se\/en\/wp-json\/wp\/v2\/pages\/3322993","targetHints":{"allow":["GET"]}}],"collection":[{"href":"https:\/\/nordbygg.se\/en\/wp-json\/wp\/v2\/pages"}],"about":[{"href":"https:\/\/nordbygg.se\/en\/wp-json\/wp\/v2\/types\/page"}],"author":[{"embeddable":true,"href":"https:\/\/nordbygg.se\/en\/wp-json\/wp\/v2\/users\/22"}],"replies":[{"embeddable":true,"href":"https:\/\/nordbygg.se\/en\/wp-json\/wp\/v2\/comments?post=3322993"}],"version-history":[{"count":0,"href":"https:\/\/nordbygg.se\/en\/wp-json\/wp\/v2\/pages\/3322993\/revisions"}],"up":[{"embeddable":true,"href":"https:\/\/nordbygg.se\/en\/wp-json\/wp\/v2\/pages\/3322987"}],"wp:featuredmedia":[{"embeddable":true,"href":"https:\/\/nordbygg.se\/en\/wp-json\/wp\/v2\/media\/3321659"}],"wp:attachment":[{"href":"https:\/\/nordbygg.se\/en\/wp-json\/wp\/v2\/media?parent=3322993"}],"curies":[{"name":"wp","href":"https:\/\/api.w.org\/{rel}","templated":true}]}}